{"id":2753,"date":"2026-03-30T14:39:37","date_gmt":"2026-03-30T13:39:37","guid":{"rendered":"https:\/\/similes.brussels\/?page_id=2753"},"modified":"2026-03-30T14:40:12","modified_gmt":"2026-03-30T13:40:12","slug":"prendre-un-rendez-vous","status":"publish","type":"page","link":"https:\/\/similes.brussels\/nl\/prendre-un-rendez-vous\/","title":{"rendered":"Een afspraak maken"},"content":{"rendered":"\t\t<div data-elementor-type=\"wp-page\" data-elementor-id=\"2753\" class=\"elementor elementor-2753\" data-elementor-post-type=\"page\">\n\t\t\t\t\t\t<section class=\"elementor-section elementor-top-section elementor-element elementor-element-bbca9c6 elementor-section-full_width elementor-reverse-mobile elementor-reverse-tablet elementor-section-height-default elementor-section-height-default\" data-id=\"bbca9c6\" data-element_type=\"section\" data-e-type=\"section\">\n\t\t\t\t\t\t<div class=\"elementor-container elementor-column-gap-default\">\n\t\t\t\t\t<div class=\"elementor-column elementor-col-50 elementor-top-column elementor-element elementor-element-813d49c\" data-id=\"813d49c\" data-element_type=\"column\" data-e-type=\"column\" data-settings=\"{&quot;background_background&quot;:&quot;classic&quot;}\">\n\t\t\t<div class=\"elementor-widget-wrap elementor-element-populated\">\n\t\t\t\t\t\t<div class=\"elementor-element elementor-element-2a181b3 elementor-widget elementor-widget-heading\" data-id=\"2a181b3\" data-element_type=\"widget\" data-e-type=\"widget\" data-widget_type=\"heading.default\">\n\t\t\t\t<div class=\"elementor-widget-container\">\n\t\t\t\t\t<h2 class=\"elementor-heading-title elementor-size-default\">Planifier un rendez-vous<\/h2>\t\t\t\t<\/div>\n\t\t\t\t<\/div>\n\t\t\t\t<div class=\"elementor-element elementor-element-8767cfb elementor-widget elementor-widget-text-editor\" data-id=\"8767cfb\" data-element_type=\"widget\" data-e-type=\"widget\" data-widget_type=\"text-editor.default\">\n\t\t\t\t<div class=\"elementor-widget-container\">\n\t\t\t\t\t\t\t\t\t<p>Pour planifier un rendez-vous ou une consultation, veuillez remplir le formulaire et nous vous r\u00e9pondrons dans les plus brefs d\u00e9lais. Vous pouvez \u00e9galement nous appeler ou nous envoyer un e-mail et nous serons heureux de r\u00e9pondre \u00e0 toutes vos questions.<\/p>\t\t\t\t\t\t\t\t<\/div>\n\t\t\t\t<\/div>\n\t\t\t\t<div class=\"elementor-element elementor-element-f5c28af pp-wpforms-form-button-full-width pp-wpforms-labels-yes elementor-widget elementor-widget-pp-wpforms\" data-id=\"f5c28af\" data-element_type=\"widget\" data-e-type=\"widget\" data-widget_type=\"pp-wpforms.default\">\n\t\t\t\t<div class=\"elementor-widget-container\">\n\t\t\t\t\t\t\t\t\t<div class=\"pp-contact-form pp-wpforms pp-custom-radio-checkbox\">\n\t\t\t\t\t\t\t\t\t\t<div class=\"wpforms-container wpforms-container-full\" id=\"wpforms-895\"><form id=\"wpforms-form-895\" class=\"wpforms-validate wpforms-form wpforms-ajax-form\" data-formid=\"895\" method=\"post\" enctype=\"multipart\/form-data\" action=\"\/prendre-un-rendez-vous\/\" data-token=\"f40e89bb79e5c32ae9a0a1a2eacad394\" data-token-time=\"1778780005\"><div class=\"wpforms-head-container\"><\/div><noscript class=\"wpforms-error-noscript\">Veuillez activer JavaScript dans votre navigateur pour remplir ce formulaire.<\/noscript><div class=\"wpforms-field-container\"><div id=\"wpforms-895-field_0-container\" class=\"wpforms-field wpforms-field-name\" data-field-id=\"0\"><label class=\"wpforms-field-label wpforms-label-hide\" for=\"wpforms-895-field_0\">Name <span class=\"wpforms-required-label\">*<\/span><\/label><div class=\"wpforms-field-row wpforms-field-medium\"><div class=\"wpforms-field-row-block wpforms-first wpforms-one-half\"><input type=\"text\" id=\"wpforms-895-field_0\" class=\"wpforms-field-name-first wpforms-field-required\" name=\"wpforms[fields][0][first]\" placeholder=\"Pr\u00e9nom\" required><label for=\"wpforms-895-field_0\" class=\"wpforms-field-sublabel after wpforms-sublabel-hide\">Pr\u00e9nom<\/label><\/div><div class=\"wpforms-field-row-block wpforms-one-half\"><input type=\"text\" id=\"wpforms-895-field_0-last\" class=\"wpforms-field-name-last wpforms-field-required\" name=\"wpforms[fields][0][last]\" placeholder=\"Nom\" required><label for=\"wpforms-895-field_0-last\" class=\"wpforms-field-sublabel after wpforms-sublabel-hide\">Nom<\/label><\/div><\/div><\/div><div id=\"wpforms-895-field_1-container\" class=\"wpforms-field wpforms-field-email wpforms-one-half wpforms-first\" data-field-id=\"1\"><label class=\"wpforms-field-label wpforms-label-hide\" for=\"wpforms-895-field_1\">Email <span class=\"wpforms-required-label\">*<\/span><\/label><input type=\"email\" id=\"wpforms-895-field_1\" class=\"wpforms-field-medium wpforms-field-required\" name=\"wpforms[fields][1]\" placeholder=\"Email\" spellcheck=\"false\" required><\/div><div id=\"wpforms-895-field_4-container\" class=\"wpforms-field wpforms-field-phone wpforms-one-half\" data-field-id=\"4\"><label class=\"wpforms-field-label wpforms-label-hide\" for=\"wpforms-895-field_4\">T\u00e9l\u00e9phone<\/label><input type=\"tel\" id=\"wpforms-895-field_4\" class=\"wpforms-field-medium wpforms-smart-phone-field\" data-rule-smart-phone-field=\"true\" name=\"wpforms[fields][4]\" placeholder=\"T\u00e9l\u00e9phone\" aria-label=\"T\u00e9l\u00e9phone\" ><\/div><div id=\"wpforms-895-field_6-container\" class=\"wpforms-field wpforms-field-select wpforms-conditional-trigger wpforms-field-select-style-classic\" data-field-id=\"6\"><label class=\"wpforms-field-label wpforms-label-hide\" for=\"wpforms-895-field_6\">Raison de votre visite<\/label><select id=\"wpforms-895-field_6\" class=\"wpforms-field-medium\" name=\"wpforms[fields][6]\"><option value=\"Raison de votre visite\"  class=\"choice-1 depth-1\"  >Raison de votre visite<\/option><option value=\"Entretien psychosociale \"  class=\"choice-2 depth-1\"  >Entretien psychosociale<\/option><option value=\"Renseignement pour une formation\"  class=\"choice-3 depth-1\"  >Renseignement pour une formation<\/option><option value=\"Groupes de parole\"  class=\"choice-5 depth-1\"  >Groupes de parole<\/option><option value=\"Autre\"  class=\"choice-4 depth-1\"  >Autre<\/option><\/select><\/div><div id=\"wpforms-895-field_7-container\" class=\"wpforms-field wpforms-field-checkbox wpforms-conditional-field wpforms-conditional-show\" data-field-id=\"7\" style=\"display:none;\"><label class=\"wpforms-field-label\">Je souhaites participer au groupe de parole \u00e0<\/label><ul id=\"wpforms-895-field_7\" data-choice-limit=\"1\"><li class=\"choice-1 depth-1\"><input type=\"checkbox\" id=\"wpforms-895-field_7_1\" data-rule-check-limit=\"true\" name=\"wpforms[fields][7][]\" value=\"BRUXELLES EST (SCHAERBEEK)\"  ><label class=\"wpforms-field-label-inline\" for=\"wpforms-895-field_7_1\">BRUXELLES EST (SCHAERBEEK)<\/label><\/li><li class=\"choice-2 depth-1\"><input type=\"checkbox\" id=\"wpforms-895-field_7_2\" data-rule-check-limit=\"true\" name=\"wpforms[fields][7][]\" value=\"BRUXELLES CENTRE (IXELLES)\"  ><label class=\"wpforms-field-label-inline\" for=\"wpforms-895-field_7_2\">BRUXELLES CENTRE (IXELLES)<\/label><\/li><li class=\"choice-3 depth-1\"><input type=\"checkbox\" id=\"wpforms-895-field_7_3\" data-rule-check-limit=\"true\" name=\"wpforms[fields][7][]\" value=\"BRUXELLES NORD-OUEST (JETTE)\"  ><label class=\"wpforms-field-label-inline\" for=\"wpforms-895-field_7_3\">BRUXELLES NORD-OUEST (JETTE)<\/label><\/li><li class=\"choice-4 depth-1\"><input type=\"checkbox\" id=\"wpforms-895-field_7_4\" data-rule-check-limit=\"true\" name=\"wpforms[fields][7][]\" value=\"BRUXELLES SUD-EST (WATERMAEL-BOITSFORT)\"  ><label class=\"wpforms-field-label-inline\" for=\"wpforms-895-field_7_4\">BRUXELLES SUD-EST (WATERMAEL-BOITSFORT)<\/label><\/li><\/ul><\/div><div id=\"wpforms-895-field_2-container\" class=\"wpforms-field wpforms-field-textarea\" data-field-id=\"2\"><label class=\"wpforms-field-label wpforms-label-hide\" for=\"wpforms-895-field_2\">Votre message <span class=\"wpforms-required-label\">*<\/span><\/label><textarea id=\"wpforms-895-field_2\" class=\"wpforms-field-medium wpforms-field-required\" name=\"wpforms[fields][2]\" placeholder=\"Votre message\" required><\/textarea><\/div><\/div><!-- .wpforms-field-container --><div class=\"wpforms-recaptcha-container wpforms-is-recaptcha wpforms-is-recaptcha-type-v3\" ><input type=\"hidden\" name=\"wpforms[recaptcha]\" value=\"\"><\/div><div class=\"wpforms-submit-container\" ><input type=\"hidden\" name=\"wpforms[id]\" value=\"895\"><input type=\"hidden\" name=\"page_title\" value=\"Prendre un rendez-vous\"><input type=\"hidden\" name=\"page_url\" value=\"https:\/\/similes.brussels\/prendre-un-rendez-vous\/\"><input type=\"hidden\" name=\"url_referer\" value=\"https:\/\/similes.brussels\/\"><input type=\"hidden\" name=\"page_id\" value=\"2753\"><input type=\"hidden\" name=\"wpforms[post_id]\" value=\"2753\"><button type=\"submit\" name=\"wpforms[submit]\" id=\"wpforms-submit-895\" class=\"wpforms-submit\" data-alt-text=\"Envoi...\" data-submit-text=\"Envoyer\" aria-live=\"assertive\" value=\"wpforms-submit\">Envoyer<\/button><img decoding=\"async\" src=\"https:\/\/similes.brussels\/wp-content\/plugins\/wpforms\/assets\/images\/submit-spin.svg\" class=\"wpforms-submit-spinner\" style=\"display: none;\" width=\"26\" height=\"26\" alt=\"Chargement en cours\"><\/div><\/form><\/div>  <!-- .wpforms-container -->\t\t\t\t<\/div>\n\t\t\t\t\t\t\t\t<\/div>\n\t\t\t\t<\/div>\n\t\t\t\t\t<\/div>\n\t\t<\/div>\n\t\t\t\t<div class=\"elementor-column elementor-col-50 elementor-top-column elementor-element elementor-element-48744cb\" data-id=\"48744cb\" data-element_type=\"column\" data-e-type=\"column\" data-settings=\"{&quot;background_background&quot;:&quot;classic&quot;}\">\n\t\t\t<div class=\"elementor-widget-wrap elementor-element-populated\">\n\t\t\t\t\t<div class=\"elementor-background-overlay\"><\/div>\n\t\t\t\t\t\t<div class=\"elementor-element elementor-element-439cc01 elementor-view-framed elementor-widget__width-auto elementor-absolute elementor-shape-circle elementor-widget elementor-widget-icon\" data-id=\"439cc01\" data-element_type=\"widget\" data-e-type=\"widget\" data-settings=\"{&quot;_position&quot;:&quot;absolute&quot;}\" data-widget_type=\"icon.default\">\n\t\t\t\t<div class=\"elementor-widget-container\">\n\t\t\t\t\t\t\t<div class=\"elementor-icon-wrapper\">\n\t\t\t<div class=\"elementor-icon\">\n\t\t\t<svg xmlns=\"http:\/\/www.w3.org\/2000\/svg\" id=\"af086ac0-8ccf-4911-9184-7c561c7e23c7\" data-name=\"Calque 1\" viewBox=\"0 0 500 500\"><g id=\"fce7d8b5-27ea-4335-abb4-24775a3848ae\" data-name=\"8\"><path d=\"M247.55,3C100.51,3,57.4,114.2,45.69,162c-7.25,29.62,4,43.64,11.39,52.92,4,5,4.78,6.35,4.43,7.76-2.86,11.67-11,24.14-23.08,42.79-26.09,40.33-47.07,68.41,20.39,84.4-.65,5-2.7,26.07-5.54,32.69A10,10,0,0,0,58,395.43c3.1,1.55,5.15,2.76,10.14,5.62C45.78,426.52,77,419.85,77,446.4,77,477.06,94.2,488,110.29,488c12.22,0,66.12-1.44,106.53-8.46,44.94-7.82,59.73-59.59,72.77-105.26,3.63-12.68-15.56-18.19-19.19-5.49-12,42-24.4,85.4-57,91.08-39,6.78-91.25,8.17-103.11,8.17C101.46,468,97,460.75,97,446.4c0-15-7.43-26-13.57-32.57A52,52,0,0,1,90.92,407a10,10,0,0,0-2.5-17.3,9.82,9.82,0,0,0-3.54-2.45,87.63,87.63,0,0,1-10.59-5.63,258.43,258.43,0,0,0,4.24-28.46c18.25,1.16,15.28-21.79,1.67-19.8-10.37,0-43.37-8.95-46.93-16.52C33,303.72,76.45,251.71,81,227.17c5.74-24.51-24.91-23.56-15.89-60.41C78.24,113.06,119.43,23,247.55,23c144.81,0,223,83.58,223,162.21,0,99.24-68.94,145.54-98.58,160.84a10,10,0,0,0-5.4,8.87c0,45.24,12,102,28.5,135.07,5.87,11.73,23.77,2.89,17.86-8.93-14.59-29.18-25.37-78.79-26.33-120.19,65.2-36,103.92-101.25,103.92-175.66C490.47,96.87,405.33,3,247.55,3Z\"><\/path><path d=\"M280.66,112.15c-9.63,5.66-21.5,5.75-29.82-1.71l-5.56-5a5.76,5.76,0,0,0-9.21,2.21l-2.21,5.7c-5.89,15.21-23.92,20.88-38.11,12.26l-5.34-3.24a5.76,5.76,0,0,0-8.74,4.62c-.41,7.69.11,17-9,25-7.73,6.82-2.79,17.89,6.12,17.89,8.32,0,16.94-13.59,19.81-21.55a45.72,45.72,0,0,0,48-17.14c24,11.87,55.63-.73,47.92-15.16A10,10,0,0,0,280.66,112.15Z\"><\/path><path d=\"M362.65,252H317c-13.19,0-13.21,20,0,20h45.63a30.5,30.5,0,0,0,28.92-40.07c37.77-14.91,38.68-67.71,2.32-84.14,9.51-33.43-20.49-64.88-54.38-57-10.77-25.14-41.1-35.31-64.63-21.85-19.54-27.59-61.59-25.12-77.6,4.84C165.11,64.81,134.63,92.45,140,125.2c-49.2,19.52-29.87,91.59,17.7,91.59l8.39,0c8.7,0,21.05.05,29.81,0a43.31,43.31,0,0,0,40.83,29.09h10.37a45.18,45.18,0,0,0,44,55.45,24.63,24.63,0,0,1,24.31,21.23l4.52,33.29c1.77,13.06,21.57,10.39,19.78-2.69l-4.52-33.29a44.66,44.66,0,0,0-44.09-38.51c-19.73,0-32-21.83-21.25-38.71,13.66-14.79,6.72-11.74,92.81-11.74a10.53,10.53,0,0,1,0,21.05ZM257.58,225.94H237.77c-12.15,0-23-8.86-24.21-21a23.33,23.33,0,0,1,23.18-25.62c1.51,0,72.79,0,74.3,0A25.81,25.81,0,0,1,321.1,190c6.69,13.44,33.76,1,7.46-22.53C351.41,136.24,319.89,129,317,145a25.77,25.77,0,0,1-8.12,14.44H236.74a43.3,43.3,0,0,0-42.83,37.47c-9.84,0-21.13,0-36.2,0-18.53,0-35.68-25.93-21.23-44.71A27.37,27.37,0,0,1,154.9,142l4.43-.55a5.76,5.76,0,0,0,4.56-8l-2.31-5.21c-10-22.56,14.74-45.12,36.35-32.78l4.86,2.78a5.76,5.76,0,0,0,8.44-3.62c8.63-34.95,43.46-29.5,50.8-7.36l2.23,6.72a5.75,5.75,0,0,0,9.64,2.14c4.94-5.21,8.56-9.75,15.51-12a25.83,25.83,0,0,1,33.57,21l.83,6.06a5.75,5.75,0,0,0,8.44,4.28l5.38-2.91c23.22-12.6,47.91,14,34.17,36.21l-3.36,5.43a5.76,5.76,0,0,0,4,8.72l5.23.8c31.32,4.8,29.57,48-.18,51.13-7.32-4.1-13.08-3.89-18.07-3.89C290.88,211,275.06,206.58,257.58,225.94Z\"><\/path><\/g><\/svg>\t\t\t<\/div>\n\t\t<\/div>\n\t\t\t\t\t\t<\/div>\n\t\t\t\t<\/div>\n\t\t\t\t<div class=\"elementor-element elementor-element-ee34081 elementor-widget elementor-widget-image\" data-id=\"ee34081\" data-element_type=\"widget\" data-e-type=\"widget\" data-widget_type=\"image.default\">\n\t\t\t\t<div class=\"elementor-widget-container\">\n\t\t\t\t\t\t\t\t\t\t\t\t\t\t\t<img fetchpriority=\"high\" decoding=\"async\" width=\"500\" height=\"500\" src=\"https:\/\/similes.brussels\/wp-content\/uploads\/2021\/08\/logo-bxl.svg\" class=\"attachment-large size-large wp-image-186\" alt=\"\" \/>\t\t\t\t\t\t\t\t\t\t\t\t\t\t\t<\/div>\n\t\t\t\t<\/div>\n\t\t\t\t<div class=\"elementor-element elementor-element-d26541a elementor-widget elementor-widget-spacer\" data-id=\"d26541a\" data-element_type=\"widget\" data-e-type=\"widget\" data-widget_type=\"spacer.default\">\n\t\t\t\t<div class=\"elementor-widget-container\">\n\t\t\t\t\t\t\t<div class=\"elementor-spacer\">\n\t\t\t<div class=\"elementor-spacer-inner\"><\/div>\n\t\t<\/div>\n\t\t\t\t\t\t<\/div>\n\t\t\t\t<\/div>\n\t\t\t\t\t<\/div>\n\t\t<\/div>\n\t\t\t\t\t<\/div>\n\t\t<\/section>\n\t\t\t\t<\/div>\n\t\t","protected":false},"excerpt":{"rendered":"<p>Planifier un rendez-vous Pour planifier un rendez-vous ou une consultation, veuillez remplir le formulaire et nous vous r\u00e9pondrons dans les plus brefs d\u00e9lais. Vous pouvez \u00e9galement nous appeler ou nous envoyer un e-mail et nous serons heureux de r\u00e9pondre \u00e0 toutes vos questions. Veuillez activer JavaScript dans votre navigateur pour remplir ce formulaire.Name *Pr\u00e9nomNomEmail *T\u00e9l\u00e9phone [&hellip;]<\/p>\n","protected":false},"author":2,"featured_media":0,"parent":0,"menu_order":0,"comment_status":"closed","ping_status":"closed","template":"elementor_header_footer","meta":{"give_campaign_id":0,"footnotes":""},"class_list":["post-2753","page","type-page","status-publish","hentry"],"yoast_head":"<!-- This site is optimized with the Yoast SEO plugin v27.6 - https:\/\/yoast.com\/product\/yoast-seo-wordpress\/ -->\n<title>Prendre un rendez-vous - Similes Bruxelles<\/title>\n<meta name=\"robots\" content=\"index, follow, max-snippet:-1, max-image-preview:large, max-video-preview:-1\" \/>\n<link rel=\"canonical\" href=\"https:\/\/similes.brussels\/nl\/prendre-un-rendez-vous\/\" \/>\n<meta property=\"og:locale\" content=\"nl_BE\" \/>\n<meta property=\"og:type\" content=\"article\" \/>\n<meta property=\"og:title\" content=\"Prendre un rendez-vous - Similes Bruxelles\" \/>\n<meta property=\"og:description\" content=\"Planifier un rendez-vous Pour planifier un rendez-vous ou une consultation, veuillez remplir le formulaire et nous vous r\u00e9pondrons dans les plus brefs d\u00e9lais. Vous pouvez \u00e9galement nous appeler ou nous envoyer un e-mail et nous serons heureux de r\u00e9pondre \u00e0 toutes vos questions. Veuillez activer JavaScript dans votre navigateur pour remplir ce formulaire.Name *Pr\u00e9nomNomEmail *T\u00e9l\u00e9phone [&hellip;]\" \/>\n<meta property=\"og:url\" content=\"https:\/\/similes.brussels\/nl\/prendre-un-rendez-vous\/\" \/>\n<meta property=\"og:site_name\" content=\"Similes Bruxelles\" \/>\n<meta property=\"article:publisher\" content=\"https:\/\/www.facebook.com\/Similes-Bruxelles-306957199759906\/\" \/>\n<meta property=\"article:modified_time\" content=\"2026-03-30T13:40:12+00:00\" \/>\n<meta property=\"og:image\" content=\"https:\/\/similes.brussels\/wp-content\/plugins\/wpforms\/assets\/images\/submit-spin.svg\" \/>\n<meta name=\"twitter:card\" content=\"summary_large_image\" \/>\n<meta name=\"twitter:label1\" content=\"Geschatte leestijd\" \/>\n\t<meta name=\"twitter:data1\" content=\"1 minuut\" \/>\n<script type=\"application\/ld+json\" class=\"yoast-schema-graph\">{\"@context\":\"https:\\\/\\\/schema.org\",\"@graph\":[{\"@type\":\"WebPage\",\"@id\":\"https:\\\/\\\/similes.brussels\\\/prendre-un-rendez-vous\\\/\",\"url\":\"https:\\\/\\\/similes.brussels\\\/prendre-un-rendez-vous\\\/\",\"name\":\"Prendre un rendez-vous - Similes Bruxelles\",\"isPartOf\":{\"@id\":\"https:\\\/\\\/similes.brussels\\\/#website\"},\"primaryImageOfPage\":{\"@id\":\"https:\\\/\\\/similes.brussels\\\/prendre-un-rendez-vous\\\/#primaryimage\"},\"image\":{\"@id\":\"https:\\\/\\\/similes.brussels\\\/prendre-un-rendez-vous\\\/#primaryimage\"},\"thumbnailUrl\":\"https:\\\/\\\/similes.brussels\\\/wp-content\\\/plugins\\\/wpforms\\\/assets\\\/images\\\/submit-spin.svg\",\"datePublished\":\"2026-03-30T13:39:37+00:00\",\"dateModified\":\"2026-03-30T13:40:12+00:00\",\"breadcrumb\":{\"@id\":\"https:\\\/\\\/similes.brussels\\\/prendre-un-rendez-vous\\\/#breadcrumb\"},\"inLanguage\":\"nl-BE\",\"potentialAction\":[{\"@type\":\"ReadAction\",\"target\":[\"https:\\\/\\\/similes.brussels\\\/prendre-un-rendez-vous\\\/\"]}]},{\"@type\":\"ImageObject\",\"inLanguage\":\"nl-BE\",\"@id\":\"https:\\\/\\\/similes.brussels\\\/prendre-un-rendez-vous\\\/#primaryimage\",\"url\":\"https:\\\/\\\/similes.brussels\\\/wp-content\\\/plugins\\\/wpforms\\\/assets\\\/images\\\/submit-spin.svg\",\"contentUrl\":\"https:\\\/\\\/similes.brussels\\\/wp-content\\\/plugins\\\/wpforms\\\/assets\\\/images\\\/submit-spin.svg\"},{\"@type\":\"BreadcrumbList\",\"@id\":\"https:\\\/\\\/similes.brussels\\\/prendre-un-rendez-vous\\\/#breadcrumb\",\"itemListElement\":[{\"@type\":\"ListItem\",\"position\":1,\"name\":\"Accueil\",\"item\":\"https:\\\/\\\/similes.brussels\\\/\"},{\"@type\":\"ListItem\",\"position\":2,\"name\":\"Prendre un rendez-vous\"}]},{\"@type\":\"WebSite\",\"@id\":\"https:\\\/\\\/similes.brussels\\\/#website\",\"url\":\"https:\\\/\\\/similes.brussels\\\/\",\"name\":\"Similes Bruxelles\",\"description\":\"Vous n&#039;\u00eates pas seuls!\",\"publisher\":{\"@id\":\"https:\\\/\\\/similes.brussels\\\/#organization\"},\"potentialAction\":[{\"@type\":\"SearchAction\",\"target\":{\"@type\":\"EntryPoint\",\"urlTemplate\":\"https:\\\/\\\/similes.brussels\\\/?s={search_term_string}\"},\"query-input\":{\"@type\":\"PropertyValueSpecification\",\"valueRequired\":true,\"valueName\":\"search_term_string\"}}],\"inLanguage\":\"nl-BE\"},{\"@type\":\"Organization\",\"@id\":\"https:\\\/\\\/similes.brussels\\\/#organization\",\"name\":\"Similes Bruxelles\",\"url\":\"https:\\\/\\\/similes.brussels\\\/\",\"logo\":{\"@type\":\"ImageObject\",\"inLanguage\":\"nl-BE\",\"@id\":\"https:\\\/\\\/similes.brussels\\\/#\\\/schema\\\/logo\\\/image\\\/\",\"url\":\"https:\\\/\\\/similes.brussels\\\/wp-content\\\/uploads\\\/2022\\\/01\\\/Capture-de\u0301cran-254.png\",\"contentUrl\":\"https:\\\/\\\/similes.brussels\\\/wp-content\\\/uploads\\\/2022\\\/01\\\/Capture-de\u0301cran-254.png\",\"width\":1756,\"height\":1624,\"caption\":\"Similes Bruxelles\"},\"image\":{\"@id\":\"https:\\\/\\\/similes.brussels\\\/#\\\/schema\\\/logo\\\/image\\\/\"},\"sameAs\":[\"https:\\\/\\\/www.facebook.com\\\/Similes-Bruxelles-306957199759906\\\/\"]}]}<\/script>\n<!-- \/ Yoast SEO plugin. -->","yoast_head_json":{"title":"Maak een afspraak - Similes Brussel","robots":{"index":"index","follow":"follow","max-snippet":"max-snippet:-1","max-image-preview":"max-image-preview:large","max-video-preview":"max-video-preview:-1"},"canonical":"https:\/\/similes.brussels\/nl\/prendre-un-rendez-vous\/","og_locale":"nl_BE","og_type":"article","og_title":"Prendre un rendez-vous - Similes Bruxelles","og_description":"Planifier un rendez-vous Pour planifier un rendez-vous ou une consultation, veuillez remplir le formulaire et nous vous r\u00e9pondrons dans les plus brefs d\u00e9lais. Vous pouvez \u00e9galement nous appeler ou nous envoyer un e-mail et nous serons heureux de r\u00e9pondre \u00e0 toutes vos questions. Veuillez activer JavaScript dans votre navigateur pour remplir ce formulaire.Name *Pr\u00e9nomNomEmail *T\u00e9l\u00e9phone [&hellip;]","og_url":"https:\/\/similes.brussels\/nl\/prendre-un-rendez-vous\/","og_site_name":"Similes Bruxelles","article_publisher":"https:\/\/www.facebook.com\/Similes-Bruxelles-306957199759906\/","article_modified_time":"2026-03-30T13:40:12+00:00","og_image":[{"url":"https:\/\/similes.brussels\/wp-content\/plugins\/wpforms\/assets\/images\/submit-spin.svg","type":"","width":"","height":""}],"twitter_card":"summary_large_image","twitter_misc":{"Geschatte leestijd":"1 minuut"},"schema":{"@context":"https:\/\/schema.org","@graph":[{"@type":"WebPage","@id":"https:\/\/similes.brussels\/prendre-un-rendez-vous\/","url":"https:\/\/similes.brussels\/prendre-un-rendez-vous\/","name":"Maak een afspraak - Similes Brussel","isPartOf":{"@id":"https:\/\/similes.brussels\/#website"},"primaryImageOfPage":{"@id":"https:\/\/similes.brussels\/prendre-un-rendez-vous\/#primaryimage"},"image":{"@id":"https:\/\/similes.brussels\/prendre-un-rendez-vous\/#primaryimage"},"thumbnailUrl":"https:\/\/similes.brussels\/wp-content\/plugins\/wpforms\/assets\/images\/submit-spin.svg","datePublished":"2026-03-30T13:39:37+00:00","dateModified":"2026-03-30T13:40:12+00:00","breadcrumb":{"@id":"https:\/\/similes.brussels\/prendre-un-rendez-vous\/#breadcrumb"},"inLanguage":"nl-BE","potentialAction":[{"@type":"ReadAction","target":["https:\/\/similes.brussels\/prendre-un-rendez-vous\/"]}]},{"@type":"ImageObject","inLanguage":"nl-BE","@id":"https:\/\/similes.brussels\/prendre-un-rendez-vous\/#primaryimage","url":"https:\/\/similes.brussels\/wp-content\/plugins\/wpforms\/assets\/images\/submit-spin.svg","contentUrl":"https:\/\/similes.brussels\/wp-content\/plugins\/wpforms\/assets\/images\/submit-spin.svg"},{"@type":"BreadcrumbList","@id":"https:\/\/similes.brussels\/prendre-un-rendez-vous\/#breadcrumb","itemListElement":[{"@type":"ListItem","position":1,"name":"Accueil","item":"https:\/\/similes.brussels\/"},{"@type":"ListItem","position":2,"name":"Prendre un rendez-vous"}]},{"@type":"WebSite","@id":"https:\/\/similes.brussels\/#website","url":"https:\/\/similes.brussels\/","name":"Similes Brussel","description":"Je bent niet alleen!","publisher":{"@id":"https:\/\/similes.brussels\/#organization"},"potentialAction":[{"@type":"SearchAction","target":{"@type":"EntryPoint","urlTemplate":"https:\/\/similes.brussels\/?s={search_term_string}"},"query-input":{"@type":"PropertyValueSpecification","valueRequired":true,"valueName":"search_term_string"}}],"inLanguage":"nl-BE"},{"@type":"Organization","@id":"https:\/\/similes.brussels\/#organization","name":"Similes Brussel","url":"https:\/\/similes.brussels\/","logo":{"@type":"ImageObject","inLanguage":"nl-BE","@id":"https:\/\/similes.brussels\/#\/schema\/logo\/image\/","url":"https:\/\/similes.brussels\/wp-content\/uploads\/2022\/01\/Capture-de\u0301cran-254.png","contentUrl":"https:\/\/similes.brussels\/wp-content\/uploads\/2022\/01\/Capture-de\u0301cran-254.png","width":1756,"height":1624,"caption":"Similes Bruxelles"},"image":{"@id":"https:\/\/similes.brussels\/#\/schema\/logo\/image\/"},"sameAs":["https:\/\/www.facebook.com\/Similes-Bruxelles-306957199759906\/"]}]}},"campaignId":"","_links":{"self":[{"href":"https:\/\/similes.brussels\/nl\/wp-json\/wp\/v2\/pages\/2753","targetHints":{"allow":["GET"]}}],"collection":[{"href":"https:\/\/similes.brussels\/nl\/wp-json\/wp\/v2\/pages"}],"about":[{"href":"https:\/\/similes.brussels\/nl\/wp-json\/wp\/v2\/types\/page"}],"author":[{"embeddable":true,"href":"https:\/\/similes.brussels\/nl\/wp-json\/wp\/v2\/users\/2"}],"replies":[{"embeddable":true,"href":"https:\/\/similes.brussels\/nl\/wp-json\/wp\/v2\/comments?post=2753"}],"version-history":[{"count":7,"href":"https:\/\/similes.brussels\/nl\/wp-json\/wp\/v2\/pages\/2753\/revisions"}],"predecessor-version":[{"id":2760,"href":"https:\/\/similes.brussels\/nl\/wp-json\/wp\/v2\/pages\/2753\/revisions\/2760"}],"wp:attachment":[{"href":"https:\/\/similes.brussels\/nl\/wp-json\/wp\/v2\/media?parent=2753"}],"curies":[{"name":"wp","href":"https:\/\/api.w.org\/{rel}","templated":true}]}}