{"id":30,"date":"2021-08-09T16:58:17","date_gmt":"2021-08-09T15:58:18","guid":{"rendered":"http:\/\/Banlieues"},"modified":"2022-03-28T11:03:10","modified_gmt":"2022-03-28T10:03:10","slug":"politique-de-confidentialite","status":"publish","type":"page","link":"https:\/\/similes.brussels\/nl\/politique-de-confidentialite\/","title":{"rendered":"Privacybeleid"},"content":{"rendered":"<h2 class=\"wp-block-heading\">Wie zijn we ?<\/h2>\n\n\n\n<p><strong class=\"privacy-policy-tutorial\">Voorgestelde tekst: <\/strong>Het adres van onze site is: https:\/\/similes.brussels\/<\/p>\n\n\n\n<h2 class=\"wp-block-heading\">Opmerkingen<\/h2>\n\n\n\n<p><strong class=\"privacy-policy-tutorial\">Voorgestelde tekst: <\/strong>Wanneer u een reactie achterlaat op onze site, worden de gegevens die zijn ingevoerd in het reactieformulier, maar ook uw IP-adres en de user-agent van uw browser verzameld om ons te helpen ongewenste reacties te detecteren.<\/p>\n\n\n\n<p>Een geanonimiseerde string die is gemaakt op basis van uw e-mailadres (ook wel hash genoemd) kan naar de Gravatar-service worden gestuurd om te controleren of u deze gebruikt. De vertrouwelijkheidsclausules van de Gravatar-service zijn hier beschikbaar: https:\/\/automattic.com\/privacy\/. Na validatie van je reactie zal je profielfoto publiekelijk zichtbaar zijn naast je reactie.<\/p>\n\n\n\n<h2 class=\"wp-block-heading\">Media<\/h2>\n\n\n\n<p><strong class=\"privacy-policy-tutorial\">Voorgestelde tekst: <\/strong>Als u afbeeldingen naar de site uploadt, raden wij u aan om geen afbeeldingen te uploaden die EXIF-gegevens van GPS-co\u00f6rdinaten bevatten. Mensen die uw site bezoeken, kunnen locatiegegevens uit deze afbeeldingen downloaden en extraheren.<\/p>\n\n\n\n<h2 class=\"wp-block-heading\">Koekjes<\/h2>\n\n\n\n<p><strong class=\"privacy-policy-tutorial\">Voorgestelde tekst: <\/strong>Als u een reactie achterlaat op onze site, wordt u aangeboden om uw naam, e-mailadres en site op te slaan in cookies. Dit is alleen voor uw comfort, zodat u deze informatie niet hoeft in te voeren als u later nog een opmerking achterlaat. Deze cookies verlopen na een jaar.<\/p>\n\n\n\n<p>Als u naar de inlogpagina gaat, wordt er een tijdelijke cookie aangemaakt om te bepalen of uw browser cookies accepteert. Het bevat geen persoonlijke gegevens en wordt automatisch verwijderd wanneer u uw browser sluit.<\/p>\n\n\n\n<p>Wanneer u inlogt, zullen we een aantal cookies plaatsen om uw inloggegevens en schermvoorkeuren op te slaan. De levensduur van een verbindingscookie is twee dagen, die van een schermoptiecookie is \u00e9\u00e9n jaar. Als u \u201cOnthoud mij\u201d aanvinkt, wordt uw login-cookie twee weken bewaard. Als u uitlogt van uw account, wordt de login-cookie gewist.<\/p>\n\n\n\n<p>Door een bericht te bewerken of te publiceren, wordt er een extra cookie in uw browser opgeslagen. Deze cookie bevat geen persoonlijke gegevens. Het toont alleen de ID van het bericht dat je zojuist hebt bewerkt. Deze verloopt na een dag.<\/p>\n\n\n\n<h2 class=\"wp-block-heading\">Ingesloten inhoud van andere sites<\/h2>\n\n\n\n<p><strong class=\"privacy-policy-tutorial\">Voorgestelde tekst: <\/strong>Artikelen op deze site kunnen ingesloten inhoud bevatten (bijvoorbeeld video&#039;s, afbeeldingen, artikelen, enz.). Ingesloten inhoud van andere sites gedraagt zich op dezelfde manier alsof de bezoeker naar die andere site zou komen.<\/p>\n\n\n\n<p>Deze websites kunnen gegevens over u verzamelen, cookies gebruiken, trackingtools van derden insluiten en uw interacties met deze ingesloten inhoud volgen als u een account hebt dat is gekoppeld aan hun website.<\/p>\n\n\n\n<h2 class=\"wp-block-heading\">Gebruik en overdracht van uw persoonlijke gegevens<\/h2>\n\n\n\n<p><strong class=\"privacy-policy-tutorial\">Voorgestelde tekst: <\/strong>Als u een wachtwoordreset aanvraagt, wordt uw IP-adres opgenomen in de reset-e-mail.<\/p>\n\n\n\n<h2 class=\"wp-block-heading\">Opslagtijden voor uw gegevens<\/h2>\n\n\n\n<p><strong class=\"privacy-policy-tutorial\">Voorgestelde tekst: <\/strong>Als je een reactie achterlaat, worden de reactie en de bijbehorende metadata voor onbepaalde tijd bewaard. Dit herkent en keurt volgende opmerkingen automatisch goed in plaats van ze in de moderatiewachtrij te laten.<\/p>\n\n\n\n<p>Voor accounts die zich op onze site registreren (indien van toepassing), slaan we ook de persoonlijke gegevens op die in hun profiel worden vermeld. Alle accounts kunnen hun persoonlijke informatie op elk moment zien, wijzigen of verwijderen (behalve hun identificatienummer). Sitebeheerders kunnen deze informatie ook bekijken en bewerken.<\/p>\n\n\n\n<h2 class=\"wp-block-heading\">De rechten die u heeft over uw gegevens<\/h2>\n\n\n\n<p><strong class=\"privacy-policy-tutorial\">Voorgestelde tekst: <\/strong>Als je een account hebt of als je reacties hebt achtergelaten op de site, kun je verzoeken om een bestand met alle persoonlijke gegevens die we van je hebben, inclusief de gegevens die je ons hebt verstrekt. U kunt ook verzoeken om verwijdering van uw persoonsgegevens. Hierbij wordt geen rekening gehouden met gegevens die zijn opgeslagen om administratieve, wettelijke of veiligheidsredenen.<\/p>\n\n\n\n<h2 class=\"wp-block-heading\">Overdracht van uw persoonlijke gegevens<\/h2>\n\n\n\n<p><strong class=\"privacy-policy-tutorial\">Voorgestelde tekst: <\/strong>Reacties van bezoekers kunnen worden gecontroleerd via een geautomatiseerde spamdetectieservice.<\/p>","protected":false},"excerpt":{"rendered":"<p>Qui sommes-nous&nbsp;? Texte sugg\u00e9r\u00e9\u00a0: L\u2019adresse de notre site est\u00a0: https:\/\/similes.brussels\/ Commentaires Texte sugg\u00e9r\u00e9&nbsp;: Quand vous laissez un commentaire sur notre site, les donn\u00e9es inscrites dans le formulaire de commentaire, mais aussi votre adresse IP et l\u2019agent utilisateur de votre navigateur sont collect\u00e9s pour nous aider \u00e0 la d\u00e9tection des commentaires ind\u00e9sirables. Une cha\u00eene anonymis\u00e9e cr\u00e9\u00e9e [&hellip;]<\/p>\n","protected":false},"author":2,"featured_media":0,"parent":0,"menu_order":8,"comment_status":"closed","ping_status":"closed","template":"","meta":{"give_campaign_id":0,"footnotes":""},"class_list":["post-30","page","type-page","status-publish","hentry"],"yoast_head":"<!-- This site is optimized with the Yoast SEO plugin v27.5 - https:\/\/yoast.com\/product\/yoast-seo-wordpress\/ -->\n<title>Politique de confidentialit\u00e9 - Similes Bruxelles<\/title>\n<meta name=\"robots\" content=\"index, follow, max-snippet:-1, max-image-preview:large, max-video-preview:-1\" \/>\n<link rel=\"canonical\" href=\"https:\/\/similes.brussels\/nl\/politique-de-confidentialite\/\" \/>\n<meta property=\"og:locale\" content=\"nl_BE\" \/>\n<meta property=\"og:type\" content=\"article\" \/>\n<meta property=\"og:title\" content=\"Politique de confidentialit\u00e9 - Similes Bruxelles\" \/>\n<meta property=\"og:description\" content=\"Qui sommes-nous&nbsp;? Texte sugg\u00e9r\u00e9\u00a0: L\u2019adresse de notre site est\u00a0: https:\/\/similes.brussels\/ Commentaires Texte sugg\u00e9r\u00e9&nbsp;: Quand vous laissez un commentaire sur notre site, les donn\u00e9es inscrites dans le formulaire de commentaire, mais aussi votre adresse IP et l\u2019agent utilisateur de votre navigateur sont collect\u00e9s pour nous aider \u00e0 la d\u00e9tection des commentaires ind\u00e9sirables. Une cha\u00eene anonymis\u00e9e cr\u00e9\u00e9e [&hellip;]\" \/>\n<meta property=\"og:url\" content=\"https:\/\/similes.brussels\/nl\/politique-de-confidentialite\/\" \/>\n<meta property=\"og:site_name\" content=\"Similes Bruxelles\" \/>\n<meta property=\"article:publisher\" content=\"https:\/\/www.facebook.com\/Similes-Bruxelles-306957199759906\/\" \/>\n<meta property=\"article:modified_time\" content=\"2022-03-28T10:03:10+00:00\" \/>\n<meta name=\"twitter:card\" content=\"summary_large_image\" \/>\n<meta name=\"twitter:label1\" content=\"Geschatte leestijd\" \/>\n\t<meta name=\"twitter:data1\" content=\"4 minuten\" \/>\n<script type=\"application\/ld+json\" class=\"yoast-schema-graph\">{\"@context\":\"https:\\\/\\\/schema.org\",\"@graph\":[{\"@type\":\"WebPage\",\"@id\":\"https:\\\/\\\/similes.brussels\\\/politique-de-confidentialite\\\/\",\"url\":\"https:\\\/\\\/similes.brussels\\\/politique-de-confidentialite\\\/\",\"name\":\"Politique de confidentialit\u00e9 - Similes Bruxelles\",\"isPartOf\":{\"@id\":\"https:\\\/\\\/similes.brussels\\\/#website\"},\"datePublished\":\"2021-08-09T15:58:18+00:00\",\"dateModified\":\"2022-03-28T10:03:10+00:00\",\"breadcrumb\":{\"@id\":\"https:\\\/\\\/similes.brussels\\\/politique-de-confidentialite\\\/#breadcrumb\"},\"inLanguage\":\"nl-BE\",\"potentialAction\":[{\"@type\":\"ReadAction\",\"target\":[\"https:\\\/\\\/similes.brussels\\\/politique-de-confidentialite\\\/\"]}]},{\"@type\":\"BreadcrumbList\",\"@id\":\"https:\\\/\\\/similes.brussels\\\/politique-de-confidentialite\\\/#breadcrumb\",\"itemListElement\":[{\"@type\":\"ListItem\",\"position\":1,\"name\":\"Accueil\",\"item\":\"https:\\\/\\\/similes.brussels\\\/\"},{\"@type\":\"ListItem\",\"position\":2,\"name\":\"Politique de confidentialit\u00e9\"}]},{\"@type\":\"WebSite\",\"@id\":\"https:\\\/\\\/similes.brussels\\\/#website\",\"url\":\"https:\\\/\\\/similes.brussels\\\/\",\"name\":\"Similes Bruxelles\",\"description\":\"Vous n&#039;\u00eates pas seuls!\",\"publisher\":{\"@id\":\"https:\\\/\\\/similes.brussels\\\/#organization\"},\"potentialAction\":[{\"@type\":\"SearchAction\",\"target\":{\"@type\":\"EntryPoint\",\"urlTemplate\":\"https:\\\/\\\/similes.brussels\\\/?s={search_term_string}\"},\"query-input\":{\"@type\":\"PropertyValueSpecification\",\"valueRequired\":true,\"valueName\":\"search_term_string\"}}],\"inLanguage\":\"nl-BE\"},{\"@type\":\"Organization\",\"@id\":\"https:\\\/\\\/similes.brussels\\\/#organization\",\"name\":\"Similes Bruxelles\",\"url\":\"https:\\\/\\\/similes.brussels\\\/\",\"logo\":{\"@type\":\"ImageObject\",\"inLanguage\":\"nl-BE\",\"@id\":\"https:\\\/\\\/similes.brussels\\\/#\\\/schema\\\/logo\\\/image\\\/\",\"url\":\"https:\\\/\\\/similes.brussels\\\/wp-content\\\/uploads\\\/2022\\\/01\\\/Capture-de\u0301cran-254.png\",\"contentUrl\":\"https:\\\/\\\/similes.brussels\\\/wp-content\\\/uploads\\\/2022\\\/01\\\/Capture-de\u0301cran-254.png\",\"width\":1756,\"height\":1624,\"caption\":\"Similes Bruxelles\"},\"image\":{\"@id\":\"https:\\\/\\\/similes.brussels\\\/#\\\/schema\\\/logo\\\/image\\\/\"},\"sameAs\":[\"https:\\\/\\\/www.facebook.com\\\/Similes-Bruxelles-306957199759906\\\/\"]}]}<\/script>\n<!-- \/ Yoast SEO plugin. -->","yoast_head_json":{"title":"Privacybeleid - Similes Brussels","robots":{"index":"index","follow":"follow","max-snippet":"max-snippet:-1","max-image-preview":"max-image-preview:large","max-video-preview":"max-video-preview:-1"},"canonical":"https:\/\/similes.brussels\/nl\/politique-de-confidentialite\/","og_locale":"nl_BE","og_type":"article","og_title":"Politique de confidentialit\u00e9 - Similes Bruxelles","og_description":"Qui sommes-nous&nbsp;? Texte sugg\u00e9r\u00e9\u00a0: L\u2019adresse de notre site est\u00a0: https:\/\/similes.brussels\/ Commentaires Texte sugg\u00e9r\u00e9&nbsp;: Quand vous laissez un commentaire sur notre site, les donn\u00e9es inscrites dans le formulaire de commentaire, mais aussi votre adresse IP et l\u2019agent utilisateur de votre navigateur sont collect\u00e9s pour nous aider \u00e0 la d\u00e9tection des commentaires ind\u00e9sirables. Une cha\u00eene anonymis\u00e9e cr\u00e9\u00e9e [&hellip;]","og_url":"https:\/\/similes.brussels\/nl\/politique-de-confidentialite\/","og_site_name":"Similes Bruxelles","article_publisher":"https:\/\/www.facebook.com\/Similes-Bruxelles-306957199759906\/","article_modified_time":"2022-03-28T10:03:10+00:00","twitter_card":"summary_large_image","twitter_misc":{"Geschatte leestijd":"4 minuten"},"schema":{"@context":"https:\/\/schema.org","@graph":[{"@type":"WebPage","@id":"https:\/\/similes.brussels\/politique-de-confidentialite\/","url":"https:\/\/similes.brussels\/politique-de-confidentialite\/","name":"Privacybeleid - Similes Brussels","isPartOf":{"@id":"https:\/\/similes.brussels\/#website"},"datePublished":"2021-08-09T15:58:18+00:00","dateModified":"2022-03-28T10:03:10+00:00","breadcrumb":{"@id":"https:\/\/similes.brussels\/politique-de-confidentialite\/#breadcrumb"},"inLanguage":"nl-BE","potentialAction":[{"@type":"ReadAction","target":["https:\/\/similes.brussels\/politique-de-confidentialite\/"]}]},{"@type":"BreadcrumbList","@id":"https:\/\/similes.brussels\/politique-de-confidentialite\/#breadcrumb","itemListElement":[{"@type":"ListItem","position":1,"name":"Accueil","item":"https:\/\/similes.brussels\/"},{"@type":"ListItem","position":2,"name":"Politique de confidentialit\u00e9"}]},{"@type":"WebSite","@id":"https:\/\/similes.brussels\/#website","url":"https:\/\/similes.brussels\/","name":"Similes Brussel","description":"Je bent niet alleen!","publisher":{"@id":"https:\/\/similes.brussels\/#organization"},"potentialAction":[{"@type":"SearchAction","target":{"@type":"EntryPoint","urlTemplate":"https:\/\/similes.brussels\/?s={search_term_string}"},"query-input":{"@type":"PropertyValueSpecification","valueRequired":true,"valueName":"search_term_string"}}],"inLanguage":"nl-BE"},{"@type":"Organization","@id":"https:\/\/similes.brussels\/#organization","name":"Similes Brussel","url":"https:\/\/similes.brussels\/","logo":{"@type":"ImageObject","inLanguage":"nl-BE","@id":"https:\/\/similes.brussels\/#\/schema\/logo\/image\/","url":"https:\/\/similes.brussels\/wp-content\/uploads\/2022\/01\/Capture-de\u0301cran-254.png","contentUrl":"https:\/\/similes.brussels\/wp-content\/uploads\/2022\/01\/Capture-de\u0301cran-254.png","width":1756,"height":1624,"caption":"Similes Bruxelles"},"image":{"@id":"https:\/\/similes.brussels\/#\/schema\/logo\/image\/"},"sameAs":["https:\/\/www.facebook.com\/Similes-Bruxelles-306957199759906\/"]}]}},"campaignId":"","_links":{"self":[{"href":"https:\/\/similes.brussels\/nl\/wp-json\/wp\/v2\/pages\/30","targetHints":{"allow":["GET"]}}],"collection":[{"href":"https:\/\/similes.brussels\/nl\/wp-json\/wp\/v2\/pages"}],"about":[{"href":"https:\/\/similes.brussels\/nl\/wp-json\/wp\/v2\/types\/page"}],"author":[{"embeddable":true,"href":"https:\/\/similes.brussels\/nl\/wp-json\/wp\/v2\/users\/2"}],"replies":[{"embeddable":true,"href":"https:\/\/similes.brussels\/nl\/wp-json\/wp\/v2\/comments?post=30"}],"version-history":[{"count":2,"href":"https:\/\/similes.brussels\/nl\/wp-json\/wp\/v2\/pages\/30\/revisions"}],"predecessor-version":[{"id":1540,"href":"https:\/\/similes.brussels\/nl\/wp-json\/wp\/v2\/pages\/30\/revisions\/1540"}],"wp:attachment":[{"href":"https:\/\/similes.brussels\/nl\/wp-json\/wp\/v2\/media?parent=30"}],"curies":[{"name":"wp","href":"https:\/\/api.w.org\/{rel}","templated":true}]}}