{"id":98,"date":"2021-10-19T16:24:41","date_gmt":"2021-10-19T15:24:41","guid":{"rendered":"https:\/\/demop.netbaz.be\/2021\/similes\/contact\/"},"modified":"2025-02-13T17:19:10","modified_gmt":"2025-02-13T16:19:10","slug":"contact","status":"publish","type":"page","link":"https:\/\/similes.brussels\/nl\/contact\/","title":{"rendered":"Contact"},"content":{"rendered":"\t\t<div data-elementor-type=\"wp-page\" data-elementor-id=\"98\" class=\"elementor elementor-98\" data-elementor-post-type=\"page\">\n\t\t\t\t\t\t<section class=\"elementor-section elementor-top-section elementor-element elementor-element-174618f4 elementor-section-full_width elementor-section-height-min-height elementor-section-items-stretch elementor-section-content-middle elementor-section-height-default\" data-id=\"174618f4\" data-element_type=\"section\" data-e-type=\"section\">\n\t\t\t\t\t\t<div class=\"elementor-container elementor-column-gap-default\">\n\t\t\t\t\t<div class=\"elementor-column elementor-col-50 elementor-top-column elementor-element elementor-element-4af49189\" data-id=\"4af49189\" data-element_type=\"column\" data-e-type=\"column\" data-settings=\"{&quot;background_background&quot;:&quot;classic&quot;}\">\n\t\t\t<div class=\"elementor-widget-wrap elementor-element-populated\">\n\t\t\t\t\t\t<div class=\"elementor-element elementor-element-0d8180b elementor-widget elementor-widget-spacer\" data-id=\"0d8180b\" data-element_type=\"widget\" data-e-type=\"widget\" data-widget_type=\"spacer.default\">\n\t\t\t\t<div class=\"elementor-widget-container\">\n\t\t\t\t\t\t\t<div class=\"elementor-spacer\">\n\t\t\t<div class=\"elementor-spacer-inner\"><\/div>\n\t\t<\/div>\n\t\t\t\t\t\t<\/div>\n\t\t\t\t<\/div>\n\t\t\t\t<div class=\"elementor-element elementor-element-39edcd9e elementor-widget elementor-widget-heading\" data-id=\"39edcd9e\" data-element_type=\"widget\" data-e-type=\"widget\" data-widget_type=\"heading.default\">\n\t\t\t\t<div class=\"elementor-widget-container\">\n\t\t\t\t\t<h1 class=\"elementor-heading-title elementor-size-default\">Contacter <br \/><b>Similes Bruxelles<\/b><\/h1>\t\t\t\t<\/div>\n\t\t\t\t<\/div>\n\t\t\t\t<div class=\"elementor-element elementor-element-4761bbde elementor-widget elementor-widget-text-editor\" data-id=\"4761bbde\" data-element_type=\"widget\" data-e-type=\"widget\" data-widget_type=\"text-editor.default\">\n\t\t\t\t<div class=\"elementor-widget-container\">\n\t\t\t\t\t\t\t\t\t<p>Nous sommes impatients d&rsquo;avoir de vos nouvelles et de vous aider \u00e0 choisir la meilleur solution pour vous.<\/p>\t\t\t\t\t\t\t\t<\/div>\n\t\t\t\t<\/div>\n\t\t\t\t<div class=\"elementor-element elementor-element-0f77c47 elementor-widget__width-initial elementor-absolute elementor-align-center elementor-widget elementor-widget-lottie\" data-id=\"0f77c47\" data-element_type=\"widget\" data-e-type=\"widget\" data-settings=\"{&quot;source_json&quot;:{&quot;url&quot;:&quot;https:\\\/\\\/similes.brussels\\\/wp-content\\\/uploads\\\/2021\\\/11\\\/lf30_editor_feem3htx.json&quot;,&quot;id&quot;:358,&quot;size&quot;:&quot;&quot;,&quot;alt&quot;:&quot;&quot;,&quot;source&quot;:&quot;library&quot;},&quot;loop&quot;:&quot;yes&quot;,&quot;_position&quot;:&quot;absolute&quot;,&quot;source&quot;:&quot;media_file&quot;,&quot;caption_source&quot;:&quot;none&quot;,&quot;link_to&quot;:&quot;none&quot;,&quot;trigger&quot;:&quot;arriving_to_viewport&quot;,&quot;viewport&quot;:{&quot;unit&quot;:&quot;%&quot;,&quot;size&quot;:&quot;&quot;,&quot;sizes&quot;:{&quot;start&quot;:0,&quot;end&quot;:100}},&quot;play_speed&quot;:{&quot;unit&quot;:&quot;px&quot;,&quot;size&quot;:1,&quot;sizes&quot;:[]},&quot;start_point&quot;:{&quot;unit&quot;:&quot;%&quot;,&quot;size&quot;:0,&quot;sizes&quot;:[]},&quot;end_point&quot;:{&quot;unit&quot;:&quot;%&quot;,&quot;size&quot;:100,&quot;sizes&quot;:[]},&quot;renderer&quot;:&quot;svg&quot;}\" data-widget_type=\"lottie.default\">\n\t\t\t\t<div class=\"elementor-widget-container\">\n\t\t\t\t\t<div class=\"e-lottie__container\"><div class=\"e-lottie__animation\"><\/div><\/div>\t\t\t\t<\/div>\n\t\t\t\t<\/div>\n\t\t\t\t\t<\/div>\n\t\t<\/div>\n\t\t\t\t<div class=\"elementor-column elementor-col-50 elementor-top-column elementor-element elementor-element-4b5f001b\" data-id=\"4b5f001b\" data-element_type=\"column\" data-e-type=\"column\" data-settings=\"{&quot;background_background&quot;:&quot;classic&quot;}\">\n\t\t\t<div class=\"elementor-widget-wrap elementor-element-populated\">\n\t\t\t\t\t\t<div class=\"elementor-element elementor-element-2b2cd09 elementor-widget elementor-widget-spacer\" data-id=\"2b2cd09\" data-element_type=\"widget\" data-e-type=\"widget\" data-widget_type=\"spacer.default\">\n\t\t\t\t<div class=\"elementor-widget-container\">\n\t\t\t\t\t\t\t<div class=\"elementor-spacer\">\n\t\t\t<div class=\"elementor-spacer-inner\"><\/div>\n\t\t<\/div>\n\t\t\t\t\t\t<\/div>\n\t\t\t\t<\/div>\n\t\t\t\t<div class=\"elementor-element elementor-element-6d97cba8 elementor-widget elementor-widget-text-editor\" data-id=\"6d97cba8\" data-element_type=\"widget\" data-e-type=\"widget\" data-widget_type=\"text-editor.default\">\n\t\t\t\t<div class=\"elementor-widget-container\">\n\t\t\t\t\t\t\t\t\t<div id=\"translation\"><div class=\"gtx-body\">Pour en savoir plus sur nos services, remplissez notre formulaire et nous vous r\u00e9pondrons dans les plus brefs d\u00e9lais. Vous pouvez \u00e9galement nous appeler ou nous envoyer un e-mail et nous serons heureux de r\u00e9pondre \u00e0 toutes vos questions.<\/div><\/div>\t\t\t\t\t\t\t\t<\/div>\n\t\t\t\t<\/div>\n\t\t\t\t<div class=\"elementor-element elementor-element-cd28fbe pp-wpforms-form-button-full-width pp-wpforms-labels-yes elementor-widget elementor-widget-pp-wpforms\" data-id=\"cd28fbe\" data-element_type=\"widget\" data-e-type=\"widget\" data-widget_type=\"pp-wpforms.default\">\n\t\t\t\t<div class=\"elementor-widget-container\">\n\t\t\t\t\t\t\t\t\t<div class=\"pp-contact-form pp-wpforms\">\n\t\t\t\t\t\t\t\t\t\t<div class=\"wpforms-container wpforms-container-full\" id=\"wpforms-740\"><form id=\"wpforms-form-740\" class=\"wpforms-validate wpforms-form wpforms-ajax-form\" data-formid=\"740\" method=\"post\" enctype=\"multipart\/form-data\" action=\"\/nl\/contact\/\" data-token=\"c1195cb36c7583abe9f96eb9685fdd10\" data-token-time=\"1777556898\"><div class=\"wpforms-head-container\"><\/div><noscript class=\"wpforms-error-noscript\">Schakel JavaScript in je browser in om dit formulier in te vullen.<\/noscript><div class=\"wpforms-field-container\"><div id=\"wpforms-740-field_0-container\" class=\"wpforms-field wpforms-field-name\" data-field-id=\"0\"><label class=\"wpforms-field-label wpforms-label-hide\" for=\"wpforms-740-field_0\">Name <span class=\"wpforms-required-label\">*<\/span><\/label><div class=\"wpforms-field-row wpforms-field-medium\"><div class=\"wpforms-field-row-block wpforms-first wpforms-one-half\"><input type=\"text\" id=\"wpforms-740-field_0\" class=\"wpforms-field-name-first wpforms-field-required\" name=\"wpforms[fields][0][first]\" placeholder=\"Pr\u00e9nom\" required><label for=\"wpforms-740-field_0\" class=\"wpforms-field-sublabel after wpforms-sublabel-hide\">Voornaam<\/label><\/div><div class=\"wpforms-field-row-block wpforms-one-half\"><input type=\"text\" id=\"wpforms-740-field_0-last\" class=\"wpforms-field-name-last wpforms-field-required\" name=\"wpforms[fields][0][last]\" placeholder=\"Nom\" required><label for=\"wpforms-740-field_0-last\" class=\"wpforms-field-sublabel after wpforms-sublabel-hide\">Achternaam<\/label><\/div><\/div><\/div><div id=\"wpforms-740-field_1-container\" class=\"wpforms-field wpforms-field-email wpforms-one-half wpforms-first\" data-field-id=\"1\"><label class=\"wpforms-field-label wpforms-label-hide\" for=\"wpforms-740-field_1\">Email <span class=\"wpforms-required-label\">*<\/span><\/label><input type=\"email\" id=\"wpforms-740-field_1\" class=\"wpforms-field-medium wpforms-field-required\" name=\"wpforms[fields][1]\" placeholder=\"Email\" spellcheck=\"false\" required><\/div><div id=\"wpforms-740-field_4-container\" class=\"wpforms-field wpforms-field-phone wpforms-one-half\" data-field-id=\"4\"><label class=\"wpforms-field-label wpforms-label-hide\" for=\"wpforms-740-field_4\">T\u00e9l\u00e9phone<\/label><input type=\"tel\" id=\"wpforms-740-field_4\" class=\"wpforms-field-medium wpforms-smart-phone-field\" data-rule-smart-phone-field=\"true\" name=\"wpforms[fields][4]\" placeholder=\"T\u00e9l\u00e9phone\" aria-label=\"T\u00e9l\u00e9phone\" ><\/div><div id=\"wpforms-740-field_5-container\" class=\"wpforms-field wpforms-field-text\" data-field-id=\"5\"><label class=\"wpforms-field-label wpforms-label-hide\" for=\"wpforms-740-field_5\">Sujet<\/label><input type=\"text\" id=\"wpforms-740-field_5\" class=\"wpforms-field-medium\" name=\"wpforms[fields][5]\" placeholder=\"Sujet\" ><\/div><div id=\"wpforms-740-field_2-container\" class=\"wpforms-field wpforms-field-textarea\" data-field-id=\"2\"><label class=\"wpforms-field-label wpforms-label-hide\" for=\"wpforms-740-field_2\">Votre message <span class=\"wpforms-required-label\">*<\/span><\/label><textarea id=\"wpforms-740-field_2\" class=\"wpforms-field-medium wpforms-field-required\" name=\"wpforms[fields][2]\" placeholder=\"Votre message\" required><\/textarea><\/div><\/div><!-- .wpforms-field-container --><div class=\"wpforms-recaptcha-container wpforms-is-recaptcha wpforms-is-recaptcha-type-v3\" ><input type=\"hidden\" name=\"wpforms[recaptcha]\" value=\"\"><\/div><div class=\"wpforms-submit-container\" ><input type=\"hidden\" name=\"wpforms[id]\" value=\"740\"><input type=\"hidden\" name=\"page_title\" value=\"Contact\"><input type=\"hidden\" name=\"page_url\" value=\"https:\/\/similes.brussels\/nl\/contact\/\"><input type=\"hidden\" name=\"url_referer\" value=\"https:\/\/similes.brussels\/nl\/?p=98\"><input type=\"hidden\" name=\"page_id\" value=\"98\"><input type=\"hidden\" name=\"wpforms[post_id]\" value=\"98\"><button type=\"submit\" name=\"wpforms[submit]\" id=\"wpforms-submit-740\" class=\"wpforms-submit\" data-alt-text=\"Envoi...\" data-submit-text=\"Envoyer\" aria-live=\"assertive\" value=\"wpforms-submit\">Envoyer<\/button><img decoding=\"async\" src=\"https:\/\/similes.brussels\/wp-content\/plugins\/wpforms\/assets\/images\/submit-spin.svg\" class=\"wpforms-submit-spinner\" style=\"display: none;\" width=\"26\" height=\"26\" alt=\"Aan het laden\"><\/div><\/form><\/div>  <!-- .wpforms-container -->\t\t\t\t<\/div>\n\t\t\t\t\t\t\t\t<\/div>\n\t\t\t\t<\/div>\n\t\t\t\t\t<\/div>\n\t\t<\/div>\n\t\t\t\t\t<\/div>\n\t\t<\/section>\n\t\t\t\t<\/div>\n\t\t","protected":false},"excerpt":{"rendered":"<p>Contacter Similes Bruxelles Nous sommes impatients d&rsquo;avoir de vos nouvelles et de vous aider \u00e0 choisir la meilleur solution pour vous. Pour en savoir plus sur nos services, remplissez notre formulaire et nous vous r\u00e9pondrons dans les plus brefs d\u00e9lais. Vous pouvez \u00e9galement nous appeler ou nous envoyer un e-mail et nous serons heureux de [&hellip;]<\/p>\n","protected":false},"author":2,"featured_media":0,"parent":0,"menu_order":7,"comment_status":"closed","ping_status":"closed","template":"elementor_header_footer","meta":{"give_campaign_id":0,"footnotes":""},"class_list":["post-98","page","type-page","status-publish","hentry"],"yoast_head":"<!-- This site is optimized with the Yoast SEO plugin v27.5 - https:\/\/yoast.com\/product\/yoast-seo-wordpress\/ -->\n<title>Contact - Similes Bruxelles<\/title>\n<meta name=\"robots\" content=\"index, follow, max-snippet:-1, max-image-preview:large, max-video-preview:-1\" \/>\n<link rel=\"canonical\" href=\"https:\/\/similes.brussels\/nl\/contact\/\" \/>\n<meta property=\"og:locale\" content=\"nl_BE\" \/>\n<meta property=\"og:type\" content=\"article\" \/>\n<meta property=\"og:title\" content=\"Contact - Similes Bruxelles\" \/>\n<meta property=\"og:description\" content=\"Contacter Similes Bruxelles Nous sommes impatients d&rsquo;avoir de vos nouvelles et de vous aider \u00e0 choisir la meilleur solution pour vous. Pour en savoir plus sur nos services, remplissez notre formulaire et nous vous r\u00e9pondrons dans les plus brefs d\u00e9lais. Vous pouvez \u00e9galement nous appeler ou nous envoyer un e-mail et nous serons heureux de [&hellip;]\" \/>\n<meta property=\"og:url\" content=\"https:\/\/similes.brussels\/nl\/contact\/\" \/>\n<meta property=\"og:site_name\" content=\"Similes Bruxelles\" \/>\n<meta property=\"article:publisher\" content=\"https:\/\/www.facebook.com\/Similes-Bruxelles-306957199759906\/\" \/>\n<meta property=\"article:modified_time\" content=\"2025-02-13T16:19:10+00:00\" \/>\n<meta property=\"og:image\" content=\"https:\/\/similes.brussels\/wp-content\/plugins\/wpforms\/assets\/images\/submit-spin.svg\" \/>\n<meta name=\"twitter:card\" content=\"summary_large_image\" \/>\n<meta name=\"twitter:label1\" content=\"Geschatte leestijd\" \/>\n\t<meta name=\"twitter:data1\" content=\"1 minuut\" \/>\n<script type=\"application\/ld+json\" class=\"yoast-schema-graph\">{\"@context\":\"https:\\\/\\\/schema.org\",\"@graph\":[{\"@type\":\"WebPage\",\"@id\":\"https:\\\/\\\/similes.brussels\\\/contact\\\/\",\"url\":\"https:\\\/\\\/similes.brussels\\\/contact\\\/\",\"name\":\"Contact - Similes Bruxelles\",\"isPartOf\":{\"@id\":\"https:\\\/\\\/similes.brussels\\\/#website\"},\"primaryImageOfPage\":{\"@id\":\"https:\\\/\\\/similes.brussels\\\/contact\\\/#primaryimage\"},\"image\":{\"@id\":\"https:\\\/\\\/similes.brussels\\\/contact\\\/#primaryimage\"},\"thumbnailUrl\":\"https:\\\/\\\/similes.brussels\\\/wp-content\\\/plugins\\\/wpforms\\\/assets\\\/images\\\/submit-spin.svg\",\"datePublished\":\"2021-10-19T15:24:41+00:00\",\"dateModified\":\"2025-02-13T16:19:10+00:00\",\"breadcrumb\":{\"@id\":\"https:\\\/\\\/similes.brussels\\\/contact\\\/#breadcrumb\"},\"inLanguage\":\"nl-BE\",\"potentialAction\":[{\"@type\":\"ReadAction\",\"target\":[\"https:\\\/\\\/similes.brussels\\\/contact\\\/\"]}]},{\"@type\":\"ImageObject\",\"inLanguage\":\"nl-BE\",\"@id\":\"https:\\\/\\\/similes.brussels\\\/contact\\\/#primaryimage\",\"url\":\"https:\\\/\\\/similes.brussels\\\/wp-content\\\/plugins\\\/wpforms\\\/assets\\\/images\\\/submit-spin.svg\",\"contentUrl\":\"https:\\\/\\\/similes.brussels\\\/wp-content\\\/plugins\\\/wpforms\\\/assets\\\/images\\\/submit-spin.svg\"},{\"@type\":\"BreadcrumbList\",\"@id\":\"https:\\\/\\\/similes.brussels\\\/contact\\\/#breadcrumb\",\"itemListElement\":[{\"@type\":\"ListItem\",\"position\":1,\"name\":\"Accueil\",\"item\":\"https:\\\/\\\/similes.brussels\\\/\"},{\"@type\":\"ListItem\",\"position\":2,\"name\":\"Contact\"}]},{\"@type\":\"WebSite\",\"@id\":\"https:\\\/\\\/similes.brussels\\\/#website\",\"url\":\"https:\\\/\\\/similes.brussels\\\/\",\"name\":\"Similes Bruxelles\",\"description\":\"Vous n&#039;\u00eates pas seuls!\",\"publisher\":{\"@id\":\"https:\\\/\\\/similes.brussels\\\/#organization\"},\"potentialAction\":[{\"@type\":\"SearchAction\",\"target\":{\"@type\":\"EntryPoint\",\"urlTemplate\":\"https:\\\/\\\/similes.brussels\\\/?s={search_term_string}\"},\"query-input\":{\"@type\":\"PropertyValueSpecification\",\"valueRequired\":true,\"valueName\":\"search_term_string\"}}],\"inLanguage\":\"nl-BE\"},{\"@type\":\"Organization\",\"@id\":\"https:\\\/\\\/similes.brussels\\\/#organization\",\"name\":\"Similes Bruxelles\",\"url\":\"https:\\\/\\\/similes.brussels\\\/\",\"logo\":{\"@type\":\"ImageObject\",\"inLanguage\":\"nl-BE\",\"@id\":\"https:\\\/\\\/similes.brussels\\\/#\\\/schema\\\/logo\\\/image\\\/\",\"url\":\"https:\\\/\\\/similes.brussels\\\/wp-content\\\/uploads\\\/2022\\\/01\\\/Capture-de\u0301cran-254.png\",\"contentUrl\":\"https:\\\/\\\/similes.brussels\\\/wp-content\\\/uploads\\\/2022\\\/01\\\/Capture-de\u0301cran-254.png\",\"width\":1756,\"height\":1624,\"caption\":\"Similes Bruxelles\"},\"image\":{\"@id\":\"https:\\\/\\\/similes.brussels\\\/#\\\/schema\\\/logo\\\/image\\\/\"},\"sameAs\":[\"https:\\\/\\\/www.facebook.com\\\/Similes-Bruxelles-306957199759906\\\/\"]}]}<\/script>\n<!-- \/ Yoast SEO plugin. -->","yoast_head_json":{"title":"Contact - Similes Brussel","robots":{"index":"index","follow":"follow","max-snippet":"max-snippet:-1","max-image-preview":"max-image-preview:large","max-video-preview":"max-video-preview:-1"},"canonical":"https:\/\/similes.brussels\/nl\/contact\/","og_locale":"nl_BE","og_type":"article","og_title":"Contact - Similes Bruxelles","og_description":"Contacter Similes Bruxelles Nous sommes impatients d&rsquo;avoir de vos nouvelles et de vous aider \u00e0 choisir la meilleur solution pour vous. Pour en savoir plus sur nos services, remplissez notre formulaire et nous vous r\u00e9pondrons dans les plus brefs d\u00e9lais. Vous pouvez \u00e9galement nous appeler ou nous envoyer un e-mail et nous serons heureux de [&hellip;]","og_url":"https:\/\/similes.brussels\/nl\/contact\/","og_site_name":"Similes Bruxelles","article_publisher":"https:\/\/www.facebook.com\/Similes-Bruxelles-306957199759906\/","article_modified_time":"2025-02-13T16:19:10+00:00","og_image":[{"url":"https:\/\/similes.brussels\/wp-content\/plugins\/wpforms\/assets\/images\/submit-spin.svg","type":"","width":"","height":""}],"twitter_card":"summary_large_image","twitter_misc":{"Geschatte leestijd":"1 minuut"},"schema":{"@context":"https:\/\/schema.org","@graph":[{"@type":"WebPage","@id":"https:\/\/similes.brussels\/contact\/","url":"https:\/\/similes.brussels\/contact\/","name":"Contact - Similes Brussel","isPartOf":{"@id":"https:\/\/similes.brussels\/#website"},"primaryImageOfPage":{"@id":"https:\/\/similes.brussels\/contact\/#primaryimage"},"image":{"@id":"https:\/\/similes.brussels\/contact\/#primaryimage"},"thumbnailUrl":"https:\/\/similes.brussels\/wp-content\/plugins\/wpforms\/assets\/images\/submit-spin.svg","datePublished":"2021-10-19T15:24:41+00:00","dateModified":"2025-02-13T16:19:10+00:00","breadcrumb":{"@id":"https:\/\/similes.brussels\/contact\/#breadcrumb"},"inLanguage":"nl-BE","potentialAction":[{"@type":"ReadAction","target":["https:\/\/similes.brussels\/contact\/"]}]},{"@type":"ImageObject","inLanguage":"nl-BE","@id":"https:\/\/similes.brussels\/contact\/#primaryimage","url":"https:\/\/similes.brussels\/wp-content\/plugins\/wpforms\/assets\/images\/submit-spin.svg","contentUrl":"https:\/\/similes.brussels\/wp-content\/plugins\/wpforms\/assets\/images\/submit-spin.svg"},{"@type":"BreadcrumbList","@id":"https:\/\/similes.brussels\/contact\/#breadcrumb","itemListElement":[{"@type":"ListItem","position":1,"name":"Accueil","item":"https:\/\/similes.brussels\/"},{"@type":"ListItem","position":2,"name":"Contact"}]},{"@type":"WebSite","@id":"https:\/\/similes.brussels\/#website","url":"https:\/\/similes.brussels\/","name":"Similes Brussel","description":"Je bent niet alleen!","publisher":{"@id":"https:\/\/similes.brussels\/#organization"},"potentialAction":[{"@type":"SearchAction","target":{"@type":"EntryPoint","urlTemplate":"https:\/\/similes.brussels\/?s={search_term_string}"},"query-input":{"@type":"PropertyValueSpecification","valueRequired":true,"valueName":"search_term_string"}}],"inLanguage":"nl-BE"},{"@type":"Organization","@id":"https:\/\/similes.brussels\/#organization","name":"Similes Brussel","url":"https:\/\/similes.brussels\/","logo":{"@type":"ImageObject","inLanguage":"nl-BE","@id":"https:\/\/similes.brussels\/#\/schema\/logo\/image\/","url":"https:\/\/similes.brussels\/wp-content\/uploads\/2022\/01\/Capture-de\u0301cran-254.png","contentUrl":"https:\/\/similes.brussels\/wp-content\/uploads\/2022\/01\/Capture-de\u0301cran-254.png","width":1756,"height":1624,"caption":"Similes Bruxelles"},"image":{"@id":"https:\/\/similes.brussels\/#\/schema\/logo\/image\/"},"sameAs":["https:\/\/www.facebook.com\/Similes-Bruxelles-306957199759906\/"]}]}},"campaignId":"","_links":{"self":[{"href":"https:\/\/similes.brussels\/nl\/wp-json\/wp\/v2\/pages\/98","targetHints":{"allow":["GET"]}}],"collection":[{"href":"https:\/\/similes.brussels\/nl\/wp-json\/wp\/v2\/pages"}],"about":[{"href":"https:\/\/similes.brussels\/nl\/wp-json\/wp\/v2\/types\/page"}],"author":[{"embeddable":true,"href":"https:\/\/similes.brussels\/nl\/wp-json\/wp\/v2\/users\/2"}],"replies":[{"embeddable":true,"href":"https:\/\/similes.brussels\/nl\/wp-json\/wp\/v2\/comments?post=98"}],"version-history":[{"count":5,"href":"https:\/\/similes.brussels\/nl\/wp-json\/wp\/v2\/pages\/98\/revisions"}],"predecessor-version":[{"id":1632,"href":"https:\/\/similes.brussels\/nl\/wp-json\/wp\/v2\/pages\/98\/revisions\/1632"}],"wp:attachment":[{"href":"https:\/\/similes.brussels\/nl\/wp-json\/wp\/v2\/media?parent=98"}],"curies":[{"name":"wp","href":"https:\/\/api.w.org\/{rel}","templated":true}]}}