{"id":760,"date":"2022-01-12T13:01:04","date_gmt":"2022-01-12T12:01:04","guid":{"rendered":"https:\/\/similes.brussels\/?post_type=product&#038;p=760"},"modified":"2022-04-04T18:24:59","modified_gmt":"2022-04-04T17:24:59","slug":"un-sentiment-de-securite","status":"publish","type":"product","link":"https:\/\/similes.brussels\/nl\/product\/un-sentiment-de-securite\/","title":{"rendered":"EEN GEVOEL VAN VEILIGHEID"},"content":{"rendered":"<p>Levendig en gemakkelijk te lezen, dit boek voor mensen ouder dan 16 jaar beschrijft alle aspecten van het leven, vanaf de vroege kinderjaren van een kind dat volwassen wordt en vervolgens zelf ouder wordt. De belangrijkste levensfasen, de vorming van een koppel, de zwangerschap en de geboorte van een kind komen uitgebreid aan bod. Voor tieners en volwassenen die zich afvragen wat hun ervaring met een zieke ouder is, biedt de auteur antwoorden op het leed en de verbijstering die een onbegrijpelijke situatie veroorzaakt. Het boek onthult levenswijsheid die voor iedereen geldt. Het is dus informatief voor volwassenen, jonge ouders of professionals. Werner Storms. Ed Klavis.<\/p>","protected":false},"excerpt":{"rendered":"<div class=\"woocommerce-product-details__short-description\">\n<p>Geschikt vanaf 3 jaar<\/p>\n<\/div>","protected":false},"featured_media":769,"comment_status":"open","ping_status":"closed","template":"","meta":{"give_campaign_id":0},"product_brand":[],"product_cat":[34],"product_tag":[35],"class_list":{"0":"post-760","1":"product","2":"type-product","3":"status-publish","4":"has-post-thumbnail","6":"product_cat-enfants","7":"product_tag-livre","9":"first","10":"instock","11":"shipping-taxable","12":"purchasable","13":"product-type-simple"},"yoast_head":"<!-- This site is optimized with the Yoast SEO plugin v27.5 - https:\/\/yoast.com\/product\/yoast-seo-wordpress\/ -->\n<title>UN SENTIMENT DE S\u00c9CURIT\u00c9 - Similes Bruxelles<\/title>\n<meta name=\"robots\" content=\"index, follow, max-snippet:-1, max-image-preview:large, max-video-preview:-1\" \/>\n<link rel=\"canonical\" href=\"https:\/\/similes.brussels\/nl\/product\/un-sentiment-de-securite\/\" \/>\n<meta property=\"og:locale\" content=\"nl_BE\" \/>\n<meta property=\"og:type\" content=\"article\" \/>\n<meta property=\"og:title\" content=\"UN SENTIMENT DE S\u00c9CURIT\u00c9 - Similes Bruxelles\" \/>\n<meta property=\"og:description\" content=\"Adapt\u00e9 partir de 3 ans\" \/>\n<meta property=\"og:url\" content=\"https:\/\/similes.brussels\/nl\/product\/un-sentiment-de-securite\/\" \/>\n<meta property=\"og:site_name\" content=\"Similes Bruxelles\" \/>\n<meta property=\"article:publisher\" content=\"https:\/\/www.facebook.com\/Similes-Bruxelles-306957199759906\/\" \/>\n<meta property=\"article:modified_time\" content=\"2022-04-04T17:24:59+00:00\" \/>\n<meta property=\"og:image\" content=\"https:\/\/similes.brussels\/wp-content\/uploads\/2022\/01\/unsentimentdesecurite-scaled-1.jpg\" \/>\n\t<meta property=\"og:image:width\" content=\"1810\" \/>\n\t<meta property=\"og:image:height\" content=\"2560\" \/>\n\t<meta property=\"og:image:type\" content=\"image\/jpeg\" \/>\n<meta name=\"twitter:card\" content=\"summary_large_image\" \/>\n<meta name=\"twitter:label1\" content=\"Geschatte leestijd\" \/>\n\t<meta name=\"twitter:data1\" content=\"1 minuut\" \/>\n<script type=\"application\/ld+json\" class=\"yoast-schema-graph\">{\"@context\":\"https:\\\/\\\/schema.org\",\"@graph\":[{\"@type\":\"WebPage\",\"@id\":\"https:\\\/\\\/similes.brussels\\\/produit\\\/un-sentiment-de-securite\\\/\",\"url\":\"https:\\\/\\\/similes.brussels\\\/produit\\\/un-sentiment-de-securite\\\/\",\"name\":\"UN SENTIMENT DE S\u00c9CURIT\u00c9 - Similes Bruxelles\",\"isPartOf\":{\"@id\":\"https:\\\/\\\/similes.brussels\\\/#website\"},\"primaryImageOfPage\":{\"@id\":\"https:\\\/\\\/similes.brussels\\\/produit\\\/un-sentiment-de-securite\\\/#primaryimage\"},\"image\":{\"@id\":\"https:\\\/\\\/similes.brussels\\\/produit\\\/un-sentiment-de-securite\\\/#primaryimage\"},\"thumbnailUrl\":\"https:\\\/\\\/similes.brussels\\\/wp-content\\\/uploads\\\/2022\\\/01\\\/unsentimentdesecurite-scaled-1.jpg\",\"datePublished\":\"2022-01-12T12:01:04+00:00\",\"dateModified\":\"2022-04-04T17:24:59+00:00\",\"breadcrumb\":{\"@id\":\"https:\\\/\\\/similes.brussels\\\/produit\\\/un-sentiment-de-securite\\\/#breadcrumb\"},\"inLanguage\":\"nl-BE\",\"potentialAction\":[{\"@type\":\"ReadAction\",\"target\":[\"https:\\\/\\\/similes.brussels\\\/produit\\\/un-sentiment-de-securite\\\/\"]}]},{\"@type\":\"ImageObject\",\"inLanguage\":\"nl-BE\",\"@id\":\"https:\\\/\\\/similes.brussels\\\/produit\\\/un-sentiment-de-securite\\\/#primaryimage\",\"url\":\"https:\\\/\\\/similes.brussels\\\/wp-content\\\/uploads\\\/2022\\\/01\\\/unsentimentdesecurite-scaled-1.jpg\",\"contentUrl\":\"https:\\\/\\\/similes.brussels\\\/wp-content\\\/uploads\\\/2022\\\/01\\\/unsentimentdesecurite-scaled-1.jpg\",\"width\":1810,\"height\":2560},{\"@type\":\"BreadcrumbList\",\"@id\":\"https:\\\/\\\/similes.brussels\\\/produit\\\/un-sentiment-de-securite\\\/#breadcrumb\",\"itemListElement\":[{\"@type\":\"ListItem\",\"position\":1,\"name\":\"Accueil\",\"item\":\"https:\\\/\\\/similes.brussels\\\/\"},{\"@type\":\"ListItem\",\"position\":2,\"name\":\"Centre de documentation de Similes Bruxelles\",\"item\":\"https:\\\/\\\/similes.brussels\\\/se-documenter\\\/\"},{\"@type\":\"ListItem\",\"position\":3,\"name\":\"UN SENTIMENT DE S\u00c9CURIT\u00c9\"}]},{\"@type\":\"WebSite\",\"@id\":\"https:\\\/\\\/similes.brussels\\\/#website\",\"url\":\"https:\\\/\\\/similes.brussels\\\/\",\"name\":\"Similes Bruxelles\",\"description\":\"Vous n&#039;\u00eates pas seuls!\",\"publisher\":{\"@id\":\"https:\\\/\\\/similes.brussels\\\/#organization\"},\"potentialAction\":[{\"@type\":\"SearchAction\",\"target\":{\"@type\":\"EntryPoint\",\"urlTemplate\":\"https:\\\/\\\/similes.brussels\\\/?s={search_term_string}\"},\"query-input\":{\"@type\":\"PropertyValueSpecification\",\"valueRequired\":true,\"valueName\":\"search_term_string\"}}],\"inLanguage\":\"nl-BE\"},{\"@type\":\"Organization\",\"@id\":\"https:\\\/\\\/similes.brussels\\\/#organization\",\"name\":\"Similes Bruxelles\",\"url\":\"https:\\\/\\\/similes.brussels\\\/\",\"logo\":{\"@type\":\"ImageObject\",\"inLanguage\":\"nl-BE\",\"@id\":\"https:\\\/\\\/similes.brussels\\\/#\\\/schema\\\/logo\\\/image\\\/\",\"url\":\"https:\\\/\\\/similes.brussels\\\/wp-content\\\/uploads\\\/2022\\\/01\\\/Capture-de\u0301cran-254.png\",\"contentUrl\":\"https:\\\/\\\/similes.brussels\\\/wp-content\\\/uploads\\\/2022\\\/01\\\/Capture-de\u0301cran-254.png\",\"width\":1756,\"height\":1624,\"caption\":\"Similes Bruxelles\"},\"image\":{\"@id\":\"https:\\\/\\\/similes.brussels\\\/#\\\/schema\\\/logo\\\/image\\\/\"},\"sameAs\":[\"https:\\\/\\\/www.facebook.com\\\/Similes-Bruxelles-306957199759906\\\/\"]}]}<\/script>\n<!-- \/ Yoast SEO plugin. -->","yoast_head_json":{"title":"EEN GEVOEL VAN VEILIGHEID - Similes Brussel","robots":{"index":"index","follow":"follow","max-snippet":"max-snippet:-1","max-image-preview":"max-image-preview:large","max-video-preview":"max-video-preview:-1"},"canonical":"https:\/\/similes.brussels\/nl\/product\/un-sentiment-de-securite\/","og_locale":"nl_BE","og_type":"article","og_title":"UN SENTIMENT DE S\u00c9CURIT\u00c9 - Similes Bruxelles","og_description":"Adapt\u00e9 partir de 3 ans","og_url":"https:\/\/similes.brussels\/nl\/product\/un-sentiment-de-securite\/","og_site_name":"Similes Bruxelles","article_publisher":"https:\/\/www.facebook.com\/Similes-Bruxelles-306957199759906\/","article_modified_time":"2022-04-04T17:24:59+00:00","og_image":[{"width":1810,"height":2560,"url":"https:\/\/similes.brussels\/wp-content\/uploads\/2022\/01\/unsentimentdesecurite-scaled-1.jpg","type":"image\/jpeg"}],"twitter_card":"summary_large_image","twitter_misc":{"Geschatte leestijd":"1 minuut"},"schema":{"@context":"https:\/\/schema.org","@graph":[{"@type":"WebPage","@id":"https:\/\/similes.brussels\/produit\/un-sentiment-de-securite\/","url":"https:\/\/similes.brussels\/produit\/un-sentiment-de-securite\/","name":"EEN GEVOEL VAN VEILIGHEID - Similes Brussel","isPartOf":{"@id":"https:\/\/similes.brussels\/#website"},"primaryImageOfPage":{"@id":"https:\/\/similes.brussels\/produit\/un-sentiment-de-securite\/#primaryimage"},"image":{"@id":"https:\/\/similes.brussels\/produit\/un-sentiment-de-securite\/#primaryimage"},"thumbnailUrl":"https:\/\/similes.brussels\/wp-content\/uploads\/2022\/01\/unsentimentdesecurite-scaled-1.jpg","datePublished":"2022-01-12T12:01:04+00:00","dateModified":"2022-04-04T17:24:59+00:00","breadcrumb":{"@id":"https:\/\/similes.brussels\/produit\/un-sentiment-de-securite\/#breadcrumb"},"inLanguage":"nl-BE","potentialAction":[{"@type":"ReadAction","target":["https:\/\/similes.brussels\/produit\/un-sentiment-de-securite\/"]}]},{"@type":"ImageObject","inLanguage":"nl-BE","@id":"https:\/\/similes.brussels\/produit\/un-sentiment-de-securite\/#primaryimage","url":"https:\/\/similes.brussels\/wp-content\/uploads\/2022\/01\/unsentimentdesecurite-scaled-1.jpg","contentUrl":"https:\/\/similes.brussels\/wp-content\/uploads\/2022\/01\/unsentimentdesecurite-scaled-1.jpg","width":1810,"height":2560},{"@type":"BreadcrumbList","@id":"https:\/\/similes.brussels\/produit\/un-sentiment-de-securite\/#breadcrumb","itemListElement":[{"@type":"ListItem","position":1,"name":"Accueil","item":"https:\/\/similes.brussels\/"},{"@type":"ListItem","position":2,"name":"Centre de documentation de Similes Bruxelles","item":"https:\/\/similes.brussels\/se-documenter\/"},{"@type":"ListItem","position":3,"name":"UN SENTIMENT DE S\u00c9CURIT\u00c9"}]},{"@type":"WebSite","@id":"https:\/\/similes.brussels\/#website","url":"https:\/\/similes.brussels\/","name":"Similes Brussel","description":"Je bent niet alleen!","publisher":{"@id":"https:\/\/similes.brussels\/#organization"},"potentialAction":[{"@type":"SearchAction","target":{"@type":"EntryPoint","urlTemplate":"https:\/\/similes.brussels\/?s={search_term_string}"},"query-input":{"@type":"PropertyValueSpecification","valueRequired":true,"valueName":"search_term_string"}}],"inLanguage":"nl-BE"},{"@type":"Organization","@id":"https:\/\/similes.brussels\/#organization","name":"Similes Brussel","url":"https:\/\/similes.brussels\/","logo":{"@type":"ImageObject","inLanguage":"nl-BE","@id":"https:\/\/similes.brussels\/#\/schema\/logo\/image\/","url":"https:\/\/similes.brussels\/wp-content\/uploads\/2022\/01\/Capture-de\u0301cran-254.png","contentUrl":"https:\/\/similes.brussels\/wp-content\/uploads\/2022\/01\/Capture-de\u0301cran-254.png","width":1756,"height":1624,"caption":"Similes Bruxelles"},"image":{"@id":"https:\/\/similes.brussels\/#\/schema\/logo\/image\/"},"sameAs":["https:\/\/www.facebook.com\/Similes-Bruxelles-306957199759906\/"]}]}},"_links":{"self":[{"href":"https:\/\/similes.brussels\/nl\/wp-json\/wp\/v2\/product\/760","targetHints":{"allow":["GET"]}}],"collection":[{"href":"https:\/\/similes.brussels\/nl\/wp-json\/wp\/v2\/product"}],"about":[{"href":"https:\/\/similes.brussels\/nl\/wp-json\/wp\/v2\/types\/product"}],"replies":[{"embeddable":true,"href":"https:\/\/similes.brussels\/nl\/wp-json\/wp\/v2\/comments?post=760"}],"version-history":[{"count":3,"href":"https:\/\/similes.brussels\/nl\/wp-json\/wp\/v2\/product\/760\/revisions"}],"predecessor-version":[{"id":1007,"href":"https:\/\/similes.brussels\/nl\/wp-json\/wp\/v2\/product\/760\/revisions\/1007"}],"wp:featuredmedia":[{"embeddable":true,"href":"https:\/\/similes.brussels\/nl\/wp-json\/wp\/v2\/media\/769"}],"wp:attachment":[{"href":"https:\/\/similes.brussels\/nl\/wp-json\/wp\/v2\/media?parent=760"}],"wp:term":[{"taxonomy":"product_brand","embeddable":true,"href":"https:\/\/similes.brussels\/nl\/wp-json\/wp\/v2\/product_brand?post=760"},{"taxonomy":"product_cat","embeddable":true,"href":"https:\/\/similes.brussels\/nl\/wp-json\/wp\/v2\/product_cat?post=760"},{"taxonomy":"product_tag","embeddable":true,"href":"https:\/\/similes.brussels\/nl\/wp-json\/wp\/v2\/product_tag?post=760"}],"curies":[{"name":"wp","href":"https:\/\/api.w.org\/{rel}","templated":true}]}}