{"id":761,"date":"2022-01-12T12:51:40","date_gmt":"2022-01-12T11:51:40","guid":{"rendered":"https:\/\/similes.brussels\/?post_type=product&#038;p=761"},"modified":"2022-04-04T18:25:58","modified_gmt":"2022-04-04T17:25:58","slug":"lhistoire-de-madame-ecureuil-et-des-animaux-dans-la-tete-de-maman","status":"publish","type":"product","link":"https:\/\/similes.brussels\/nl\/product\/lhistoire-de-madame-ecureuil-et-des-animaux-dans-la-tete-de-maman\/","title":{"rendered":"HET VERHAAL VAN MADAME EEKHOORN EN DE DIEREN IN MAMA&#039;S HOOFD"},"content":{"rendered":"<p>De moeder is geestesziek en legt het leven uit van een gezin waar plotseling een mentale pathologie opduikt. Net als de fabels van La Fontaine, die door middel van dierenverhalen waarheden konden vertellen die moeilijk te horen zijn, zegt de auteur dat ze zich als tiener kleine dieren voorstelde (eekhoorn, adder, haas, enz.) om de gemoedstoestanden van zijn ziel te beschrijven. moeder; ze lokaliseert ze in haar hoofd en ze manifesteren zich volgens het type stoornis. Het boek biedt ook een beschrijving van pathologie, niet die van leerboeken of volwassen klachten, maar zoals die wordt ervaren en waargenomen door een tiener, op een moeilijke leeftijd. Gemakkelijk te lezen en boeiend tot het einde, dit boek laat je niet onverschillig. Kinderen van alle leeftijden en volwassenen zullen ontdekken hoe een tienermeisje uit een moeilijke situatie komt.<\/p>","protected":false},"excerpt":{"rendered":"<div class=\"woocommerce-product-details__short-description\">\n<p>Geschikt vanaf 14 jaar<\/p>\n<\/div>","protected":false},"featured_media":763,"comment_status":"open","ping_status":"closed","template":"","meta":{"give_campaign_id":0},"product_brand":[],"product_cat":[34],"product_tag":[35],"class_list":{"0":"post-761","1":"product","2":"type-product","3":"status-publish","4":"has-post-thumbnail","6":"product_cat-enfants","7":"product_tag-livre","9":"first","10":"instock","11":"shipping-taxable","12":"purchasable","13":"product-type-simple"},"yoast_head":"<!-- This site is optimized with the Yoast SEO plugin v27.4 - https:\/\/yoast.com\/product\/yoast-seo-wordpress\/ -->\n<title>L\u2019HISTOIRE DE MADAME ECUREUIL ET DES ANIMAUX DANS LA T\u00caTE DE MAMAN - Similes Bruxelles<\/title>\n<meta name=\"robots\" content=\"index, follow, max-snippet:-1, max-image-preview:large, max-video-preview:-1\" \/>\n<link rel=\"canonical\" href=\"https:\/\/similes.brussels\/nl\/product\/lhistoire-de-madame-ecureuil-et-des-animaux-dans-la-tete-de-maman\/\" \/>\n<meta property=\"og:locale\" content=\"nl_BE\" \/>\n<meta property=\"og:type\" content=\"article\" \/>\n<meta property=\"og:title\" content=\"L\u2019HISTOIRE DE MADAME ECUREUIL ET DES ANIMAUX DANS LA T\u00caTE DE MAMAN - Similes Bruxelles\" \/>\n<meta property=\"og:description\" content=\"Adapt\u00e9 \u00e0 partir de 14 ans\" \/>\n<meta property=\"og:url\" content=\"https:\/\/similes.brussels\/nl\/product\/lhistoire-de-madame-ecureuil-et-des-animaux-dans-la-tete-de-maman\/\" \/>\n<meta property=\"og:site_name\" content=\"Similes Bruxelles\" \/>\n<meta property=\"article:publisher\" content=\"https:\/\/www.facebook.com\/Similes-Bruxelles-306957199759906\/\" \/>\n<meta property=\"article:modified_time\" content=\"2022-04-04T17:25:58+00:00\" \/>\n<meta property=\"og:image\" content=\"https:\/\/similes.brussels\/wp-content\/uploads\/2022\/01\/madameecureil-scaled-1.jpg\" \/>\n\t<meta property=\"og:image:width\" content=\"1810\" \/>\n\t<meta property=\"og:image:height\" content=\"2560\" \/>\n\t<meta property=\"og:image:type\" content=\"image\/jpeg\" \/>\n<meta name=\"twitter:card\" content=\"summary_large_image\" \/>\n<meta name=\"twitter:label1\" content=\"Geschatte leestijd\" \/>\n\t<meta name=\"twitter:data1\" content=\"1 minuut\" \/>\n<script type=\"application\/ld+json\" class=\"yoast-schema-graph\">{\"@context\":\"https:\\\/\\\/schema.org\",\"@graph\":[{\"@type\":\"WebPage\",\"@id\":\"https:\\\/\\\/similes.brussels\\\/produit\\\/lhistoire-de-madame-ecureuil-et-des-animaux-dans-la-tete-de-maman\\\/\",\"url\":\"https:\\\/\\\/similes.brussels\\\/produit\\\/lhistoire-de-madame-ecureuil-et-des-animaux-dans-la-tete-de-maman\\\/\",\"name\":\"L\u2019HISTOIRE DE MADAME ECUREUIL ET DES ANIMAUX DANS LA T\u00caTE DE MAMAN - Similes Bruxelles\",\"isPartOf\":{\"@id\":\"https:\\\/\\\/similes.brussels\\\/#website\"},\"primaryImageOfPage\":{\"@id\":\"https:\\\/\\\/similes.brussels\\\/produit\\\/lhistoire-de-madame-ecureuil-et-des-animaux-dans-la-tete-de-maman\\\/#primaryimage\"},\"image\":{\"@id\":\"https:\\\/\\\/similes.brussels\\\/produit\\\/lhistoire-de-madame-ecureuil-et-des-animaux-dans-la-tete-de-maman\\\/#primaryimage\"},\"thumbnailUrl\":\"https:\\\/\\\/similes.brussels\\\/wp-content\\\/uploads\\\/2022\\\/01\\\/madameecureil-scaled-1.jpg\",\"datePublished\":\"2022-01-12T11:51:40+00:00\",\"dateModified\":\"2022-04-04T17:25:58+00:00\",\"breadcrumb\":{\"@id\":\"https:\\\/\\\/similes.brussels\\\/produit\\\/lhistoire-de-madame-ecureuil-et-des-animaux-dans-la-tete-de-maman\\\/#breadcrumb\"},\"inLanguage\":\"nl-BE\",\"potentialAction\":[{\"@type\":\"ReadAction\",\"target\":[\"https:\\\/\\\/similes.brussels\\\/produit\\\/lhistoire-de-madame-ecureuil-et-des-animaux-dans-la-tete-de-maman\\\/\"]}]},{\"@type\":\"ImageObject\",\"inLanguage\":\"nl-BE\",\"@id\":\"https:\\\/\\\/similes.brussels\\\/produit\\\/lhistoire-de-madame-ecureuil-et-des-animaux-dans-la-tete-de-maman\\\/#primaryimage\",\"url\":\"https:\\\/\\\/similes.brussels\\\/wp-content\\\/uploads\\\/2022\\\/01\\\/madameecureil-scaled-1.jpg\",\"contentUrl\":\"https:\\\/\\\/similes.brussels\\\/wp-content\\\/uploads\\\/2022\\\/01\\\/madameecureil-scaled-1.jpg\",\"width\":1810,\"height\":2560},{\"@type\":\"BreadcrumbList\",\"@id\":\"https:\\\/\\\/similes.brussels\\\/produit\\\/lhistoire-de-madame-ecureuil-et-des-animaux-dans-la-tete-de-maman\\\/#breadcrumb\",\"itemListElement\":[{\"@type\":\"ListItem\",\"position\":1,\"name\":\"Accueil\",\"item\":\"https:\\\/\\\/similes.brussels\\\/\"},{\"@type\":\"ListItem\",\"position\":2,\"name\":\"Centre de documentation de Similes Bruxelles\",\"item\":\"https:\\\/\\\/similes.brussels\\\/se-documenter\\\/\"},{\"@type\":\"ListItem\",\"position\":3,\"name\":\"L\u2019HISTOIRE DE MADAME ECUREUIL ET DES ANIMAUX DANS LA T\u00caTE DE MAMAN\"}]},{\"@type\":\"WebSite\",\"@id\":\"https:\\\/\\\/similes.brussels\\\/#website\",\"url\":\"https:\\\/\\\/similes.brussels\\\/\",\"name\":\"Similes Bruxelles\",\"description\":\"Vous n&#039;\u00eates pas seuls!\",\"publisher\":{\"@id\":\"https:\\\/\\\/similes.brussels\\\/#organization\"},\"potentialAction\":[{\"@type\":\"SearchAction\",\"target\":{\"@type\":\"EntryPoint\",\"urlTemplate\":\"https:\\\/\\\/similes.brussels\\\/?s={search_term_string}\"},\"query-input\":{\"@type\":\"PropertyValueSpecification\",\"valueRequired\":true,\"valueName\":\"search_term_string\"}}],\"inLanguage\":\"nl-BE\"},{\"@type\":\"Organization\",\"@id\":\"https:\\\/\\\/similes.brussels\\\/#organization\",\"name\":\"Similes Bruxelles\",\"url\":\"https:\\\/\\\/similes.brussels\\\/\",\"logo\":{\"@type\":\"ImageObject\",\"inLanguage\":\"nl-BE\",\"@id\":\"https:\\\/\\\/similes.brussels\\\/#\\\/schema\\\/logo\\\/image\\\/\",\"url\":\"https:\\\/\\\/similes.brussels\\\/wp-content\\\/uploads\\\/2022\\\/01\\\/Capture-de\u0301cran-254.png\",\"contentUrl\":\"https:\\\/\\\/similes.brussels\\\/wp-content\\\/uploads\\\/2022\\\/01\\\/Capture-de\u0301cran-254.png\",\"width\":1756,\"height\":1624,\"caption\":\"Similes Bruxelles\"},\"image\":{\"@id\":\"https:\\\/\\\/similes.brussels\\\/#\\\/schema\\\/logo\\\/image\\\/\"},\"sameAs\":[\"https:\\\/\\\/www.facebook.com\\\/Similes-Bruxelles-306957199759906\\\/\"]}]}<\/script>\n<!-- \/ Yoast SEO plugin. -->","yoast_head_json":{"title":"HET VERHAAL VAN MEVROUW EEKHOORN EN DE DIEREN IN HET HOOFD VAN MAM - Vergelijkingen Brussel","robots":{"index":"index","follow":"follow","max-snippet":"max-snippet:-1","max-image-preview":"max-image-preview:large","max-video-preview":"max-video-preview:-1"},"canonical":"https:\/\/similes.brussels\/nl\/product\/lhistoire-de-madame-ecureuil-et-des-animaux-dans-la-tete-de-maman\/","og_locale":"nl_BE","og_type":"article","og_title":"L\u2019HISTOIRE DE MADAME ECUREUIL ET DES ANIMAUX DANS LA T\u00caTE DE MAMAN - Similes Bruxelles","og_description":"Adapt\u00e9 \u00e0 partir de 14 ans","og_url":"https:\/\/similes.brussels\/nl\/product\/lhistoire-de-madame-ecureuil-et-des-animaux-dans-la-tete-de-maman\/","og_site_name":"Similes Bruxelles","article_publisher":"https:\/\/www.facebook.com\/Similes-Bruxelles-306957199759906\/","article_modified_time":"2022-04-04T17:25:58+00:00","og_image":[{"width":1810,"height":2560,"url":"https:\/\/similes.brussels\/wp-content\/uploads\/2022\/01\/madameecureil-scaled-1.jpg","type":"image\/jpeg"}],"twitter_card":"summary_large_image","twitter_misc":{"Geschatte leestijd":"1 minuut"},"schema":{"@context":"https:\/\/schema.org","@graph":[{"@type":"WebPage","@id":"https:\/\/similes.brussels\/produit\/lhistoire-de-madame-ecureuil-et-des-animaux-dans-la-tete-de-maman\/","url":"https:\/\/similes.brussels\/produit\/lhistoire-de-madame-ecureuil-et-des-animaux-dans-la-tete-de-maman\/","name":"HET VERHAAL VAN MEVROUW EEKHOORN EN DE DIEREN IN HET HOOFD VAN MAM - Vergelijkingen Brussel","isPartOf":{"@id":"https:\/\/similes.brussels\/#website"},"primaryImageOfPage":{"@id":"https:\/\/similes.brussels\/produit\/lhistoire-de-madame-ecureuil-et-des-animaux-dans-la-tete-de-maman\/#primaryimage"},"image":{"@id":"https:\/\/similes.brussels\/produit\/lhistoire-de-madame-ecureuil-et-des-animaux-dans-la-tete-de-maman\/#primaryimage"},"thumbnailUrl":"https:\/\/similes.brussels\/wp-content\/uploads\/2022\/01\/madameecureil-scaled-1.jpg","datePublished":"2022-01-12T11:51:40+00:00","dateModified":"2022-04-04T17:25:58+00:00","breadcrumb":{"@id":"https:\/\/similes.brussels\/produit\/lhistoire-de-madame-ecureuil-et-des-animaux-dans-la-tete-de-maman\/#breadcrumb"},"inLanguage":"nl-BE","potentialAction":[{"@type":"ReadAction","target":["https:\/\/similes.brussels\/produit\/lhistoire-de-madame-ecureuil-et-des-animaux-dans-la-tete-de-maman\/"]}]},{"@type":"ImageObject","inLanguage":"nl-BE","@id":"https:\/\/similes.brussels\/produit\/lhistoire-de-madame-ecureuil-et-des-animaux-dans-la-tete-de-maman\/#primaryimage","url":"https:\/\/similes.brussels\/wp-content\/uploads\/2022\/01\/madameecureil-scaled-1.jpg","contentUrl":"https:\/\/similes.brussels\/wp-content\/uploads\/2022\/01\/madameecureil-scaled-1.jpg","width":1810,"height":2560},{"@type":"BreadcrumbList","@id":"https:\/\/similes.brussels\/produit\/lhistoire-de-madame-ecureuil-et-des-animaux-dans-la-tete-de-maman\/#breadcrumb","itemListElement":[{"@type":"ListItem","position":1,"name":"Accueil","item":"https:\/\/similes.brussels\/"},{"@type":"ListItem","position":2,"name":"Centre de documentation de Similes Bruxelles","item":"https:\/\/similes.brussels\/se-documenter\/"},{"@type":"ListItem","position":3,"name":"L\u2019HISTOIRE DE MADAME ECUREUIL ET DES ANIMAUX DANS LA T\u00caTE DE MAMAN"}]},{"@type":"WebSite","@id":"https:\/\/similes.brussels\/#website","url":"https:\/\/similes.brussels\/","name":"Similes Brussel","description":"Je bent niet alleen!","publisher":{"@id":"https:\/\/similes.brussels\/#organization"},"potentialAction":[{"@type":"SearchAction","target":{"@type":"EntryPoint","urlTemplate":"https:\/\/similes.brussels\/?s={search_term_string}"},"query-input":{"@type":"PropertyValueSpecification","valueRequired":true,"valueName":"search_term_string"}}],"inLanguage":"nl-BE"},{"@type":"Organization","@id":"https:\/\/similes.brussels\/#organization","name":"Similes Brussel","url":"https:\/\/similes.brussels\/","logo":{"@type":"ImageObject","inLanguage":"nl-BE","@id":"https:\/\/similes.brussels\/#\/schema\/logo\/image\/","url":"https:\/\/similes.brussels\/wp-content\/uploads\/2022\/01\/Capture-de\u0301cran-254.png","contentUrl":"https:\/\/similes.brussels\/wp-content\/uploads\/2022\/01\/Capture-de\u0301cran-254.png","width":1756,"height":1624,"caption":"Similes Bruxelles"},"image":{"@id":"https:\/\/similes.brussels\/#\/schema\/logo\/image\/"},"sameAs":["https:\/\/www.facebook.com\/Similes-Bruxelles-306957199759906\/"]}]}},"_links":{"self":[{"href":"https:\/\/similes.brussels\/nl\/wp-json\/wp\/v2\/product\/761","targetHints":{"allow":["GET"]}}],"collection":[{"href":"https:\/\/similes.brussels\/nl\/wp-json\/wp\/v2\/product"}],"about":[{"href":"https:\/\/similes.brussels\/nl\/wp-json\/wp\/v2\/types\/product"}],"replies":[{"embeddable":true,"href":"https:\/\/similes.brussels\/nl\/wp-json\/wp\/v2\/comments?post=761"}],"version-history":[{"count":3,"href":"https:\/\/similes.brussels\/nl\/wp-json\/wp\/v2\/product\/761\/revisions"}],"predecessor-version":[{"id":1005,"href":"https:\/\/similes.brussels\/nl\/wp-json\/wp\/v2\/product\/761\/revisions\/1005"}],"wp:featuredmedia":[{"embeddable":true,"href":"https:\/\/similes.brussels\/nl\/wp-json\/wp\/v2\/media\/763"}],"wp:attachment":[{"href":"https:\/\/similes.brussels\/nl\/wp-json\/wp\/v2\/media?parent=761"}],"wp:term":[{"taxonomy":"product_brand","embeddable":true,"href":"https:\/\/similes.brussels\/nl\/wp-json\/wp\/v2\/product_brand?post=761"},{"taxonomy":"product_cat","embeddable":true,"href":"https:\/\/similes.brussels\/nl\/wp-json\/wp\/v2\/product_cat?post=761"},{"taxonomy":"product_tag","embeddable":true,"href":"https:\/\/similes.brussels\/nl\/wp-json\/wp\/v2\/product_tag?post=761"}],"curies":[{"name":"wp","href":"https:\/\/api.w.org\/{rel}","templated":true}]}}